{"id":1235,"date":"2023-04-28T11:38:38","date_gmt":"2023-04-28T11:38:38","guid":{"rendered":"https:\/\/bibliotecaeducacion.usal.es\/?page_id=1235"},"modified":"2023-05-17T11:44:21","modified_gmt":"2023-05-17T11:44:21","slug":"reserva","status":"publish","type":"page","link":"https:\/\/bibliotecaeducacion.usal.es\/en\/te-ofrecemos\/servicios\/reserva\/","title":{"rendered":"Reserva"},"content":{"rendered":"\n<p>Para poder llevar a cabo la reserva de un libro, debemos de seguir los siguientes pasos:<\/p>\n\n\n\n<ol>\n<li style=\"text-align: justify;\">Acudir a <a href=\"https:\/\/brumario.usal.es\/discovery\/search?vid=34BUC_USAL:VU1\">Brumario<\/a>\u00a0 e ir al apartado de identificarse introducimos nuestras credenciales de la USAL,\u00a0 ya identificados\u00a0 empezamos a realizar la b\u00fasqueda de nuestro libro.<\/li>\n<li style=\"text-align: justify;\">Una vez tengamos nuestro libro localizado dentro de <a href=\"https:\/\/brumario.usal.es\/discovery\/search?vid=34BUC_USAL:VU1\">Brumario<\/a>, accederemos a su informaci\u00f3n y en esta <span style=\"background-color: #ffff99;\"><strong>solo nos permitir\u00e1 la reserva si el libro no se encuentra disponible, debido a que ha sido prestado por otra persona y si no se halla en cualquier otro ejemplar en el campus de la USAL\u00a0 , solo en ese caso nos permitir\u00e1 la reserva de este.\u00a0<\/strong><\/span><\/li>\n<\/ol>\n\n\n\n<div class=\"wp-block-columns is-layout-flex wp-container-core-columns-is-layout-9d6595d7 wp-block-columns-is-layout-flex\">\n<div class=\"wp-block-column is-layout-flow wp-block-column-is-layout-flow\">\n<figure class=\"wp-block-image size-full is-resized\"><img loading=\"lazy\" decoding=\"async\" src=\"https:\/\/bibliotecaeducacion.usal.es\/wp-content\/uploads\/sites\/37\/2023\/05\/Captura-de-pantalla-2023-05-02-102811.png\" alt=\"\" class=\"wp-image-1279\" width=\"348\" height=\"121\" srcset=\"https:\/\/bibliotecaeducacion.usal.es\/wp-content\/uploads\/sites\/37\/2023\/05\/Captura-de-pantalla-2023-05-02-102811.png 894w, https:\/\/bibliotecaeducacion.usal.es\/wp-content\/uploads\/sites\/37\/2023\/05\/Captura-de-pantalla-2023-05-02-102811-300x105.png 300w, https:\/\/bibliotecaeducacion.usal.es\/wp-content\/uploads\/sites\/37\/2023\/05\/Captura-de-pantalla-2023-05-02-102811-768x270.png 768w\" sizes=\"auto, (max-width: 348px) 100vw, 348px\" \/><\/figure>\n<\/div>\n\n\n\n<div class=\"wp-block-column is-layout-flow wp-block-column-is-layout-flow\">\n<figure class=\"wp-block-image size-full is-resized\"><img loading=\"lazy\" decoding=\"async\" src=\"https:\/\/bibliotecaeducacion.usal.es\/wp-content\/uploads\/sites\/37\/2023\/05\/Captura-de-pantalla-2023-05-02-101343.png\" alt=\"\" class=\"wp-image-1274\" width=\"331\" height=\"125\" srcset=\"https:\/\/bibliotecaeducacion.usal.es\/wp-content\/uploads\/sites\/37\/2023\/05\/Captura-de-pantalla-2023-05-02-101343.png 833w, https:\/\/bibliotecaeducacion.usal.es\/wp-content\/uploads\/sites\/37\/2023\/05\/Captura-de-pantalla-2023-05-02-101343-300x113.png 300w, https:\/\/bibliotecaeducacion.usal.es\/wp-content\/uploads\/sites\/37\/2023\/05\/Captura-de-pantalla-2023-05-02-101343-768x289.png 768w\" sizes=\"auto, (max-width: 331px) 100vw, 331px\" \/><\/figure>\n<\/div>\n<\/div>\n\n\n\n<p>  3. Como podemos contemplar, si cumplimos todos los requisitos nos aparecer\u00e1 la opci\u00f3n          de solicitar, le damos clic a este y nos mostrar\u00e1 una serie de campos a cumplimentar . Una   vez seleccionados le daremos a enviar , nos confirma que nuestra solicitud esta correcta , cuando el usuario devuelva el ejemplar nos llegara un mensaje a nuestro correo de la USAL especificando que el libro esta disponible y que ya se puede recoger. <\/p>\n\n\n\n<div class=\"wp-block-columns is-layout-flex wp-container-core-columns-is-layout-9d6595d7 wp-block-columns-is-layout-flex\">\n<div class=\"wp-block-column is-layout-flow wp-block-column-is-layout-flow\">\n<figure class=\"wp-block-image size-full is-resized\"><img loading=\"lazy\" decoding=\"async\" src=\"https:\/\/bibliotecaeducacion.usal.es\/wp-content\/uploads\/sites\/37\/2023\/05\/Captura-de-pantalla-2023-05-02-105451.png\" alt=\"\" class=\"wp-image-1298\" width=\"354\" height=\"171\" srcset=\"https:\/\/bibliotecaeducacion.usal.es\/wp-content\/uploads\/sites\/37\/2023\/05\/Captura-de-pantalla-2023-05-02-105451.png 859w, https:\/\/bibliotecaeducacion.usal.es\/wp-content\/uploads\/sites\/37\/2023\/05\/Captura-de-pantalla-2023-05-02-105451-300x146.png 300w, https:\/\/bibliotecaeducacion.usal.es\/wp-content\/uploads\/sites\/37\/2023\/05\/Captura-de-pantalla-2023-05-02-105451-768x373.png 768w\" sizes=\"auto, (max-width: 354px) 100vw, 354px\" \/><\/figure>\n<\/div>\n\n\n\n<div class=\"wp-block-column is-layout-flow wp-block-column-is-layout-flow\">\n<figure class=\"wp-block-image size-large is-resized\"><img loading=\"lazy\" decoding=\"async\" src=\"https:\/\/bibliotecaeducacion.usal.es\/wp-content\/uploads\/sites\/37\/2023\/05\/Captura-de-pantalla-2023-05-02-105744-1024x456.png\" alt=\"\" class=\"wp-image-1302\" width=\"428\" height=\"190\" srcset=\"https:\/\/bibliotecaeducacion.usal.es\/wp-content\/uploads\/sites\/37\/2023\/05\/Captura-de-pantalla-2023-05-02-105744-1024x456.png 1024w, https:\/\/bibliotecaeducacion.usal.es\/wp-content\/uploads\/sites\/37\/2023\/05\/Captura-de-pantalla-2023-05-02-105744-300x134.png 300w, https:\/\/bibliotecaeducacion.usal.es\/wp-content\/uploads\/sites\/37\/2023\/05\/Captura-de-pantalla-2023-05-02-105744-768x342.png 768w, https:\/\/bibliotecaeducacion.usal.es\/wp-content\/uploads\/sites\/37\/2023\/05\/Captura-de-pantalla-2023-05-02-105744.png 1481w\" sizes=\"auto, (max-width: 428px) 100vw, 428px\" \/><\/figure>\n<\/div>\n<\/div>\n","protected":false},"excerpt":{"rendered":"<p>Para poder llevar a cabo la reserva de un libro, debemos de seguir los siguientes pasos: Acudir a Brumario\u00a0 e ir al apartado de identificarse introducimos nuestras credenciales de la USAL,\u00a0 ya identificados\u00a0 empezamos a realizar la b\u00fasqueda de nuestro libro. Una vez tengamos nuestro libro localizado dentro de Brumario, accederemos a su informaci\u00f3n y &hellip; <\/p>\n<p class=\"link-more\"><a href=\"https:\/\/bibliotecaeducacion.usal.es\/en\/te-ofrecemos\/servicios\/reserva\/\" class=\"more-link\">Continue reading<span class=\"screen-reader-text\"> &#8220;Reserva&#8221;<\/span><\/a><\/p>\n","protected":false},"author":48,"featured_media":0,"parent":517,"menu_order":0,"comment_status":"closed","ping_status":"closed","template":"","meta":{"footnotes":""},"class_list":["post-1235","page","type-page","status-publish","hentry"],"aioseo_notices":[],"_links":{"self":[{"href":"https:\/\/bibliotecaeducacion.usal.es\/en\/wp-json\/wp\/v2\/pages\/1235","targetHints":{"allow":["GET"]}}],"collection":[{"href":"https:\/\/bibliotecaeducacion.usal.es\/en\/wp-json\/wp\/v2\/pages"}],"about":[{"href":"https:\/\/bibliotecaeducacion.usal.es\/en\/wp-json\/wp\/v2\/types\/page"}],"author":[{"embeddable":true,"href":"https:\/\/bibliotecaeducacion.usal.es\/en\/wp-json\/wp\/v2\/users\/48"}],"replies":[{"embeddable":true,"href":"https:\/\/bibliotecaeducacion.usal.es\/en\/wp-json\/wp\/v2\/comments?post=1235"}],"version-history":[{"count":16,"href":"https:\/\/bibliotecaeducacion.usal.es\/en\/wp-json\/wp\/v2\/pages\/1235\/revisions"}],"predecessor-version":[{"id":1962,"href":"https:\/\/bibliotecaeducacion.usal.es\/en\/wp-json\/wp\/v2\/pages\/1235\/revisions\/1962"}],"up":[{"embeddable":true,"href":"https:\/\/bibliotecaeducacion.usal.es\/en\/wp-json\/wp\/v2\/pages\/517"}],"wp:attachment":[{"href":"https:\/\/bibliotecaeducacion.usal.es\/en\/wp-json\/wp\/v2\/media?parent=1235"}],"curies":[{"name":"wp","href":"https:\/\/api.w.org\/{rel}","templated":true}]}}