{"id":1308,"date":"2023-05-02T09:15:26","date_gmt":"2023-05-02T09:15:26","guid":{"rendered":"https:\/\/bibliotecaeducacion.usal.es\/?page_id=1308"},"modified":"2023-05-03T21:24:00","modified_gmt":"2023-05-03T21:24:00","slug":"prestamo-interbibliotecario-revistas","status":"publish","type":"page","link":"https:\/\/bibliotecaeducacion.usal.es\/en\/te-ofrecemos\/prestamo-intercampus\/prestamo-interbibliotecario-revistas\/","title":{"rendered":"Pr\u00e9stamo Intercampus Revistas"},"content":{"rendered":"\n<p>Este servicio permite a los miembros de la Universidad de Salamanca, solicitar copias de art\u00edculos de revistas en papel ubicadas en la universidad, no disponibles en formato electr\u00f3nico y que<span style=\"background-color: #ffff99;\"> se encuentren en una<span style=\"color: #000000;\"><em><strong> biblioteca de diferente campus del usuario<\/strong><\/em>.<\/span><\/span><\/p>\n\n\n\n<p>Las copias se solicitar\u00e1n personalmente en el mostrador de pr\u00e9stamo o mediante un correo electr\u00f3nico a la biblioteca solicitante. <\/p>\n\n\n\n<p>Los documentos que se pueden prestar son:<\/p>\n\n\n\n<ul class=\"wp-block-list\"><li>Art\u00edculos de revistas impresas no disponibles en formato electr\u00f3nico.<\/li><\/ul>\n\n\n\n<ul class=\"wp-block-list\"><li>No se pueden pedir los art\u00edculos directamente en la biblioteca depositaria de la revista, solo se atender\u00e1 a las solicitudes de otras bibliotecas.<\/li><\/ul>\n\n\n\n<ul class=\"wp-block-list\"><li>No se puede fotocopiar el ejemplar entero de la revista, debido a las limitaciones legales. Es por esto, que siempre que sea posible, los art\u00edculos ser\u00e1n escaneados y el usuario los recibir\u00e1 como un adjunto en su correo electr\u00f3nico.<\/li><\/ul>\n\n\n\n<ul class=\"wp-block-list\"><li>Es un servicio gratuito para el usuario.<\/li><\/ul>\n\n\n\n<ul class=\"wp-block-list\"><li>El usuario recibir\u00e1 un correo electr\u00f3nico con el art\u00edculo escaneado o con el aviso de que puede ir a recoger las fotocopias.<\/li><\/ul>\n\n\n\n<p><a href=\"https:\/\/bibliotecas.usal.es\/docs\/prestamo\/Suministro%20art%C3%ADculos%20de%20revistas.pdf\" target=\"_blank\" rel=\"noreferrer noopener\"><span style=\"text-decoration: underline;\"><span style=\"background-color: #ffffff;\"><strong>M\u00e1s informaci\u00f3n<\/strong><\/span><\/span><\/a><\/p>\n\n\n\n<div class=\"wp-block-image\"><figure class=\"aligncenter size-full is-resized\"><img loading=\"lazy\" decoding=\"async\" src=\"https:\/\/bibliotecaeducacion.usal.es\/wp-content\/uploads\/sites\/37\/2023\/05\/Bibliotecas-de-Salamanca.png\" alt=\"\" class=\"wp-image-1335\" width=\"512\" height=\"384\" srcset=\"https:\/\/bibliotecaeducacion.usal.es\/wp-content\/uploads\/sites\/37\/2023\/05\/Bibliotecas-de-Salamanca.png 1024w, https:\/\/bibliotecaeducacion.usal.es\/wp-content\/uploads\/sites\/37\/2023\/05\/Bibliotecas-de-Salamanca-300x225.png 300w, https:\/\/bibliotecaeducacion.usal.es\/wp-content\/uploads\/sites\/37\/2023\/05\/Bibliotecas-de-Salamanca-768x576.png 768w\" sizes=\"auto, (max-width: 512px) 100vw, 512px\" \/><\/figure><\/div>\n","protected":false},"excerpt":{"rendered":"<p>Este servicio permite a los miembros de la Universidad de Salamanca, solicitar copias de art\u00edculos de revistas en papel ubicadas en la universidad, no disponibles en formato electr\u00f3nico y que se encuentren en una biblioteca de diferente campus del usuario. Las copias se solicitar\u00e1n personalmente en el mostrador de pr\u00e9stamo o mediante un correo electr\u00f3nico &hellip; <\/p>\n<p class=\"link-more\"><a href=\"https:\/\/bibliotecaeducacion.usal.es\/en\/te-ofrecemos\/prestamo-intercampus\/prestamo-interbibliotecario-revistas\/\" class=\"more-link\">Continue reading<span class=\"screen-reader-text\"> &#8220;Pr\u00e9stamo Intercampus Revistas&#8221;<\/span><\/a><\/p>\n","protected":false},"author":48,"featured_media":0,"parent":546,"menu_order":0,"comment_status":"closed","ping_status":"closed","template":"","meta":{"footnotes":""},"class_list":["post-1308","page","type-page","status-publish","hentry"],"aioseo_notices":[],"_links":{"self":[{"href":"https:\/\/bibliotecaeducacion.usal.es\/en\/wp-json\/wp\/v2\/pages\/1308","targetHints":{"allow":["GET"]}}],"collection":[{"href":"https:\/\/bibliotecaeducacion.usal.es\/en\/wp-json\/wp\/v2\/pages"}],"about":[{"href":"https:\/\/bibliotecaeducacion.usal.es\/en\/wp-json\/wp\/v2\/types\/page"}],"author":[{"embeddable":true,"href":"https:\/\/bibliotecaeducacion.usal.es\/en\/wp-json\/wp\/v2\/users\/48"}],"replies":[{"embeddable":true,"href":"https:\/\/bibliotecaeducacion.usal.es\/en\/wp-json\/wp\/v2\/comments?post=1308"}],"version-history":[{"count":14,"href":"https:\/\/bibliotecaeducacion.usal.es\/en\/wp-json\/wp\/v2\/pages\/1308\/revisions"}],"predecessor-version":[{"id":1360,"href":"https:\/\/bibliotecaeducacion.usal.es\/en\/wp-json\/wp\/v2\/pages\/1308\/revisions\/1360"}],"up":[{"embeddable":true,"href":"https:\/\/bibliotecaeducacion.usal.es\/en\/wp-json\/wp\/v2\/pages\/546"}],"wp:attachment":[{"href":"https:\/\/bibliotecaeducacion.usal.es\/en\/wp-json\/wp\/v2\/media?parent=1308"}],"curies":[{"name":"wp","href":"https:\/\/api.w.org\/{rel}","templated":true}]}}