{"id":1376,"date":"2023-05-05T11:03:40","date_gmt":"2023-05-05T11:03:40","guid":{"rendered":"https:\/\/bibliotecaeducacion.usal.es\/?page_id=1376"},"modified":"2023-05-09T09:15:32","modified_gmt":"2023-05-09T09:15:32","slug":"cielo","status":"publish","type":"page","link":"https:\/\/bibliotecaeducacion.usal.es\/en\/te-ofrecemos\/servicios\/cielo\/","title":{"rendered":"Cielo"},"content":{"rendered":"\n<p><a href=\"https:\/\/cielo.usal.es\/?locale=es\">CIELO<\/a> es un servicio de pr\u00e9stamo bibliotecario de libros electr\u00f3nicos que ofrece la Universidad de Salamanca a sus usuarios. La plataforma CIELO, Contenidos Informativos Electr\u00f3nicos, Libros y Objetos digitales, se presenta como una soluci\u00f3n para que los miembros de la USAL puedan consultar desde cualquier dispositivo los libros electr\u00f3nicos comprados o suscritos por la Universidad de Salamanca.<\/p>\n<p><br \/>Desde el portal CIELO se da informaci\u00f3n de los recursos electr\u00f3nicos disponibles y se posibilita su lectura en l\u00ednea y obtener en pr\u00e9stamo, siempre previa identificaci\u00f3n del usuario.<\/p>\n<p>Condiciones de pr\u00e9stamo digital en Cielo:\u00a0<\/p>\n<table style=\"border-collapse: collapse; width: 100%;\">\n<tbody>\n<tr>\n<td style=\"width: 20%; text-align: center;\"><strong>Usuarios<\/strong><\/td>\n<td style=\"width: 20%; text-align: center;\"><strong>N\u00ba Pr\u00e9stamos<\/strong><\/td>\n<td style=\"width: 20%; text-align: center;\"><strong>N\u00ba D\u00edas<\/strong><\/td>\n<td style=\"width: 20%; text-align: center;\"><strong>Renovaciones<\/strong><\/td>\n<td style=\"width: 20%; text-align: center;\"><strong>Reservas<\/strong><\/td>\n<\/tr>\n<tr>\n<td style=\"width: 20%;\"><strong>Antiguos Alumnos<\/strong><\/td>\n<td style=\"width: 20%; text-align: center;\"><strong>5<\/strong><\/td>\n<td style=\"width: 20%; text-align: center;\"><strong>21<\/strong><\/td>\n<td style=\"width: 20%; text-align: center;\"><strong>1<\/strong><\/td>\n<td style=\"width: 20%; text-align: center;\"><strong>5<\/strong><\/td>\n<\/tr>\n<tr>\n<td style=\"width: 20%;\"><strong>Becarios<\/strong><\/td>\n<td style=\"width: 20%; text-align: center;\"><strong>15<\/strong><\/td>\n<td style=\"width: 20%; text-align: center;\"><strong>21<\/strong><\/td>\n<td style=\"width: 20%; text-align: center;\"><strong>1<\/strong><\/td>\n<td style=\"width: 20%; text-align: center;\"><strong>5<\/strong><\/td>\n<\/tr>\n<tr>\n<td style=\"width: 20%;\"><strong>C.A.P<\/strong><\/td>\n<td style=\"width: 20%; text-align: center;\"><strong>5<\/strong><\/td>\n<td style=\"width: 20%; text-align: center;\"><strong>21<\/strong><\/td>\n<td style=\"width: 20%; text-align: center;\"><strong>1<\/strong><\/td>\n<td style=\"width: 20%; text-align: center;\"><strong>5<\/strong><\/td>\n<\/tr>\n<tr>\n<td style=\"width: 20%;\"><strong>Convenios (RR.II.)<\/strong><\/td>\n<td style=\"width: 20%; text-align: center;\"><strong>5<\/strong><\/td>\n<td style=\"width: 20%; text-align: center;\"><strong>21<\/strong><\/td>\n<td style=\"width: 20%; text-align: center;\"><strong>1<\/strong><\/td>\n<td style=\"width: 20%; text-align: center;\"><strong>5<\/strong><\/td>\n<\/tr>\n<tr>\n<td style=\"width: 20%;\"><strong>Erasmus, S\u00f3crates<\/strong><\/td>\n<td style=\"width: 20%; text-align: center;\"><strong>5<\/strong><\/td>\n<td style=\"width: 20%; text-align: center;\"><strong>21<\/strong><\/td>\n<td style=\"width: 20%; text-align: center;\"><strong>1<\/strong><\/td>\n<td style=\"width: 20%; text-align: center;\"><strong>5<\/strong><\/td>\n<\/tr>\n<tr>\n<td style=\"width: 20%;\"><strong>Postgrado<\/strong><\/td>\n<td style=\"width: 20%; text-align: center;\"><strong>15<\/strong><\/td>\n<td style=\"width: 20%; text-align: center;\"><strong>21<\/strong><\/td>\n<td style=\"width: 20%; text-align: center;\"><strong>1<\/strong><\/td>\n<td style=\"width: 20%; text-align: center;\"><strong>5<\/strong><\/td>\n<\/tr>\n<tr>\n<td style=\"width: 20%;\"><strong>Grado<\/strong><\/td>\n<td style=\"width: 20%; text-align: center;\"><strong>5<\/strong><\/td>\n<td style=\"width: 20%; text-align: center;\"><strong>21<\/strong><\/td>\n<td style=\"width: 20%; text-align: center;\"><strong>1<\/strong><\/td>\n<td style=\"width: 20%; text-align: center;\"><strong>5<\/strong><\/td>\n<\/tr>\n<tr>\n<td style=\"width: 20%;\"><strong>Profesores<\/strong><\/td>\n<td style=\"width: 20%; text-align: center;\"><strong>15<\/strong><\/td>\n<td style=\"width: 20%; text-align: center;\"><strong>21<\/strong><\/td>\n<td style=\"width: 20%; text-align: center;\"><strong>1<\/strong><\/td>\n<td style=\"width: 20%; text-align: center;\"><strong>5<\/strong><\/td>\n<\/tr>\n<tr>\n<td style=\"width: 20%;\"><strong>S\u00e9neca, Sicue<\/strong><\/td>\n<td style=\"width: 20%; text-align: center;\"><strong>5<\/strong><\/td>\n<td style=\"width: 20%; text-align: center;\"><strong>21<\/strong><\/td>\n<td style=\"width: 20%; text-align: center;\"><strong>1<\/strong><\/td>\n<td style=\"width: 20%; text-align: center;\"><strong>5<\/strong><\/td>\n<\/tr>\n<tr>\n<td style=\"width: 20%;\"><strong>Tercer Ciclo<\/strong><\/td>\n<td style=\"width: 20%; text-align: center;\"><strong>15<\/strong><\/td>\n<td style=\"width: 20%; text-align: center;\"><strong>21<\/strong><\/td>\n<td style=\"width: 20%; text-align: center;\"><strong>1<\/strong><\/td>\n<td style=\"width: 20%; text-align: center;\"><strong>5<\/strong><\/td>\n<\/tr>\n<tr>\n<td style=\"width: 20%;\"><strong>Tesis Doctoral<\/strong><\/td>\n<td style=\"width: 20%; text-align: center;\"><strong>15<\/strong><\/td>\n<td style=\"width: 20%; text-align: center;\"><strong>21<\/strong><\/td>\n<td style=\"width: 20%; text-align: center;\"><strong>1<\/strong><\/td>\n<td style=\"width: 20%; text-align: center;\"><strong>5<\/strong><\/td>\n<\/tr>\n<tr>\n<td style=\"width: 20%;\"><strong>T\u00edtulos Propiso<\/strong><\/td>\n<td style=\"width: 20%; text-align: center;\"><strong>15<\/strong><\/td>\n<td style=\"width: 20%; text-align: center;\"><strong>21<\/strong><\/td>\n<td style=\"width: 20%; text-align: center;\"><strong>1<\/strong><\/td>\n<td style=\"width: 20%; text-align: center;\"><strong>5<\/strong><\/td>\n<\/tr>\n<\/tbody>\n<\/table>\n<p>\u00a0<\/p>\n\n\n\n<p><a href=\"https:\/\/bibliotecas.usal.es\/lectura-de-libros-electronicos#condicionesprestamodigital\"><strong>M\u00e1s informaci\u00f3n<\/strong><\/a><\/p>\n\n\n\n<figure class=\"wp-block-image size-large\"><img loading=\"lazy\" decoding=\"async\" width=\"1024\" height=\"250\" src=\"https:\/\/bibliotecaeducacion.usal.es\/wp-content\/uploads\/sites\/37\/2023\/05\/canva-1024x250.png\" alt=\"\" class=\"wp-image-1396\" srcset=\"https:\/\/bibliotecaeducacion.usal.es\/wp-content\/uploads\/sites\/37\/2023\/05\/canva-1024x250.png 1024w, https:\/\/bibliotecaeducacion.usal.es\/wp-content\/uploads\/sites\/37\/2023\/05\/canva-300x73.png 300w, https:\/\/bibliotecaeducacion.usal.es\/wp-content\/uploads\/sites\/37\/2023\/05\/canva-768x188.png 768w, https:\/\/bibliotecaeducacion.usal.es\/wp-content\/uploads\/sites\/37\/2023\/05\/canva.png 1390w\" sizes=\"auto, (max-width: 706px) 89vw, (max-width: 767px) 82vw, 740px\" \/><\/figure>\n","protected":false},"excerpt":{"rendered":"<p>CIELO es un servicio de pr\u00e9stamo bibliotecario de libros electr\u00f3nicos que ofrece la Universidad de Salamanca a sus usuarios. La plataforma CIELO, Contenidos Informativos Electr\u00f3nicos, Libros y Objetos digitales, se presenta como una soluci\u00f3n para que los miembros de la USAL puedan consultar desde cualquier dispositivo los libros electr\u00f3nicos comprados o suscritos por la Universidad &hellip; <\/p>\n<p class=\"link-more\"><a href=\"https:\/\/bibliotecaeducacion.usal.es\/en\/te-ofrecemos\/servicios\/cielo\/\" class=\"more-link\">Continue reading<span class=\"screen-reader-text\"> &#8220;Cielo&#8221;<\/span><\/a><\/p>\n","protected":false},"author":48,"featured_media":0,"parent":517,"menu_order":0,"comment_status":"closed","ping_status":"closed","template":"","meta":{"footnotes":""},"class_list":["post-1376","page","type-page","status-publish","hentry"],"aioseo_notices":[],"_links":{"self":[{"href":"https:\/\/bibliotecaeducacion.usal.es\/en\/wp-json\/wp\/v2\/pages\/1376","targetHints":{"allow":["GET"]}}],"collection":[{"href":"https:\/\/bibliotecaeducacion.usal.es\/en\/wp-json\/wp\/v2\/pages"}],"about":[{"href":"https:\/\/bibliotecaeducacion.usal.es\/en\/wp-json\/wp\/v2\/types\/page"}],"author":[{"embeddable":true,"href":"https:\/\/bibliotecaeducacion.usal.es\/en\/wp-json\/wp\/v2\/users\/48"}],"replies":[{"embeddable":true,"href":"https:\/\/bibliotecaeducacion.usal.es\/en\/wp-json\/wp\/v2\/comments?post=1376"}],"version-history":[{"count":5,"href":"https:\/\/bibliotecaeducacion.usal.es\/en\/wp-json\/wp\/v2\/pages\/1376\/revisions"}],"predecessor-version":[{"id":1437,"href":"https:\/\/bibliotecaeducacion.usal.es\/en\/wp-json\/wp\/v2\/pages\/1376\/revisions\/1437"}],"up":[{"embeddable":true,"href":"https:\/\/bibliotecaeducacion.usal.es\/en\/wp-json\/wp\/v2\/pages\/517"}],"wp:attachment":[{"href":"https:\/\/bibliotecaeducacion.usal.es\/en\/wp-json\/wp\/v2\/media?parent=1376"}],"curies":[{"name":"wp","href":"https:\/\/api.w.org\/{rel}","templated":true}]}}