{"id":1415,"date":"2023-05-08T08:22:12","date_gmt":"2023-05-08T08:22:12","guid":{"rendered":"https:\/\/bibliotecaeducacion.usal.es\/?page_id=1415"},"modified":"2023-05-08T08:26:23","modified_gmt":"2023-05-08T08:26:23","slug":"prestamo","status":"publish","type":"page","link":"https:\/\/bibliotecaeducacion.usal.es\/en\/te-ofrecemos\/servicios\/prestamo\/","title":{"rendered":"Pr\u00e9stamo"},"content":{"rendered":"\n<p class=\"has-text-align-center\"><strong><mark>Pr\u00e9stamo de fondos bibliogr\u00e1ficos<\/mark><\/strong><\/p>\n\n\n\n<p><em><strong>Estudiantes de Grados y Titulaciones<\/strong><\/em><\/p>\n\n\n\n<ul class=\"wp-block-list\"><li>Pueden tomar en pr\u00e9stamo los libros se\u00f1alados en el cat\u00e1logo como PR\u00c9STAMO NORMAL, durante 7 d\u00edas naturales, con un m\u00e1ximo de 4 libros a la vez.<\/li><li>Pueden usar el pr\u00e9stamo de ordenadores port\u00e1tiles y de lectores de libros electr\u00f3nicos.<\/li><li>Pueden usar los servicios de pr\u00e9stamo intercampus y pr\u00e9stamo interbibliotecario.<\/li><\/ul>\n\n\n\n<p><strong><em>Estudiantes de Posgrado, M\u00e1steres Oficiales, Doctorados<\/em><\/strong><\/p>\n\n\n\n<ul class=\"wp-block-list\"><li>Pueden tomar en pr\u00e9stamo los libros se\u00f1alados en el cat\u00e1logo como PR\u00c9STAMO NORMAL y los se\u00f1alados como PRESTAMO DOCENTE, durante 30 d\u00edas naturales, con un m\u00e1ximo de 15 libros a la vez.<\/li><li>Pueden usar el pr\u00e9stamo de ordenadores port\u00e1tiles y de lectores de libros electr\u00f3nicos.<\/li><li>Pueden usar los servicios de pr\u00e9stamo intercampus y pr\u00e9stamo interbibliotecario.<\/li><\/ul>\n\n\n\n<p><em><strong>Estudiantes de T\u00edtulos Propios de m\u00e1s de un trimestre<\/strong><\/em><\/p>\n\n\n\n<ul class=\"wp-block-list\"><li>Pueden tomar en pr\u00e9stamo los libros se\u00f1alados en el cat\u00e1logo como PR\u00c9STAMO NORMAL, durante 7 d\u00edas naturales, con un m\u00e1ximo de 4 libros a la vez.<\/li><li>Pueden usar el pr\u00e9stamo de ordenadores port\u00e1tiles y de lectores de libros electr\u00f3nicos.<\/li><li>Pueden usar los servicios de pr\u00e9stamo intercampus y pr\u00e9stamo interbibliotecario.<\/li><\/ul>\n\n\n\n<p><em><strong>Estudiantes de T\u00edtulos Propios de menos de un trimestre<\/strong><\/em><\/p>\n\n\n\n<ul class=\"wp-block-list\"><li>Deben solicitar el carn\u00e9 temporal de pr\u00e9stamo del Servicio de Bibliotecas.<\/li><li>Pueden tomar en pr\u00e9stamo los libros se\u00f1alados en el cat\u00e1logo como PR\u00c9STAMO NORMAL, durante 7 d\u00edas naturales, con un m\u00e1ximo de 4 libros a la vez.<\/li><li>Pueden usar el pr\u00e9stamo de ordenadores port\u00e1tiles y de lectores de libros electr\u00f3nicos.<\/li><li>Pueden usar los servicios de pr\u00e9stamo intercampus y pr\u00e9stamo interbibliotecario.<\/li><\/ul>\n\n\n\n<p><strong><em>Estudiantes con discapacidad<\/em><\/strong><\/p>\n\n\n\n<ul class=\"wp-block-list\"><li>Deben acreditar la discapacidad en el Servicio de Bibliotecas.<\/li><li>La \u00fanica diferencia, con respecto al resto de los usuarios, es que pueden tomar en pr\u00e9stamo los libros se\u00f1alados en el cat\u00e1logo como PR\u00c9STAMO NORMAL, durante 15 d\u00edas naturales, con un m\u00e1ximo de 4 libros a la vez.<\/li><\/ul>\n\n\n\n<p><em><strong>Personal Docente e Investigador<\/strong><\/em><\/p>\n\n\n\n<ul class=\"wp-block-list\"><li>Pueden tomar en pr\u00e9stamo los libros se\u00f1alados en el cat\u00e1logo como PR\u00c9STAMO NORMAL y los se\u00f1alados como PR\u00c9STAMO DOCENTE, durante 30 d\u00edas naturales, con un m\u00e1ximo de 15 libros a la vez.<\/li><li>Pueden usar el pr\u00e9stamo de ordenadores port\u00e1tiles y de lectores de libros electr\u00f3nicos.<\/li><li>Pueden usar los servicios de pr\u00e9stamo intercampus y pr\u00e9stamo interbibliotecario.<\/li><\/ul>\n\n\n\n<p><em><strong>Personal de Administraci\u00f3n y Servicios<\/strong><\/em><\/p>\n\n\n\n<ul class=\"wp-block-list\"><li>Pueden tomar en pr\u00e9stamo los libros se\u00f1alados en el cat\u00e1logo como PR\u00c9STAMO NORMAL, durante 7 d\u00edas naturales, con un m\u00e1ximo de 4 libros a la vez.<\/li><li>Pueden usar el pr\u00e9stamo de ordenadores port\u00e1tiles y de lectores de libros electr\u00f3nicos.<\/li><li>Pueden usar los servicios de pr\u00e9stamo intercampus y pr\u00e9stamo interbibliotecario.<\/li><\/ul>\n\n\n\n<p><em><strong>Personas ajenas a la Universidad de Salamanca<\/strong><\/em><\/p>\n\n\n\n<ul class=\"wp-block-list\"><li>Pueden consultar los fondos en las bibliotecas, pero no pueden tomar libros en pr\u00e9stamo.<\/li><li>Si desean hacer uso del pr\u00e9stamo individual de libros, pr\u00e9stamo de ordenadores port\u00e1tiles y pr\u00e9stamo de lectores de libros electr\u00f3nicos, deben solicitar el carn\u00e9 temporal de pr\u00e9stamo del Servicio de Bibliotecas.<\/li><li>Pueden usar el servicio de pr\u00e9stamo interbibliotecario sin necesidad de solicitar el carn\u00e9 temporal de pr\u00e9stamo.<\/li><\/ul>\n\n\n\n<p><\/p>\n","protected":false},"excerpt":{"rendered":"<p>Pr\u00e9stamo de fondos bibliogr\u00e1ficos Estudiantes de Grados y Titulaciones Pueden tomar en pr\u00e9stamo los libros se\u00f1alados en el cat\u00e1logo como PR\u00c9STAMO NORMAL, durante 7 d\u00edas naturales, con un m\u00e1ximo de 4 libros a la vez. Pueden usar el pr\u00e9stamo de ordenadores port\u00e1tiles y de lectores de libros electr\u00f3nicos. Pueden usar los servicios de pr\u00e9stamo intercampus &hellip; <\/p>\n<p class=\"link-more\"><a href=\"https:\/\/bibliotecaeducacion.usal.es\/en\/te-ofrecemos\/servicios\/prestamo\/\" class=\"more-link\">Continue reading<span class=\"screen-reader-text\"> &#8220;Pr\u00e9stamo&#8221;<\/span><\/a><\/p>\n","protected":false},"author":48,"featured_media":0,"parent":517,"menu_order":0,"comment_status":"closed","ping_status":"closed","template":"","meta":{"footnotes":""},"class_list":["post-1415","page","type-page","status-publish","hentry"],"aioseo_notices":[],"_links":{"self":[{"href":"https:\/\/bibliotecaeducacion.usal.es\/en\/wp-json\/wp\/v2\/pages\/1415","targetHints":{"allow":["GET"]}}],"collection":[{"href":"https:\/\/bibliotecaeducacion.usal.es\/en\/wp-json\/wp\/v2\/pages"}],"about":[{"href":"https:\/\/bibliotecaeducacion.usal.es\/en\/wp-json\/wp\/v2\/types\/page"}],"author":[{"embeddable":true,"href":"https:\/\/bibliotecaeducacion.usal.es\/en\/wp-json\/wp\/v2\/users\/48"}],"replies":[{"embeddable":true,"href":"https:\/\/bibliotecaeducacion.usal.es\/en\/wp-json\/wp\/v2\/comments?post=1415"}],"version-history":[{"count":1,"href":"https:\/\/bibliotecaeducacion.usal.es\/en\/wp-json\/wp\/v2\/pages\/1415\/revisions"}],"predecessor-version":[{"id":1421,"href":"https:\/\/bibliotecaeducacion.usal.es\/en\/wp-json\/wp\/v2\/pages\/1415\/revisions\/1421"}],"up":[{"embeddable":true,"href":"https:\/\/bibliotecaeducacion.usal.es\/en\/wp-json\/wp\/v2\/pages\/517"}],"wp:attachment":[{"href":"https:\/\/bibliotecaeducacion.usal.es\/en\/wp-json\/wp\/v2\/media?parent=1415"}],"curies":[{"name":"wp","href":"https:\/\/api.w.org\/{rel}","templated":true}]}}