{"id":1986,"date":"2023-05-18T08:50:15","date_gmt":"2023-05-18T08:50:15","guid":{"rendered":"https:\/\/bibliotecaeducacion.usal.es\/?page_id=1986"},"modified":"2023-05-18T11:34:10","modified_gmt":"2023-05-18T11:34:10","slug":"gestores-de-referencia","status":"publish","type":"page","link":"https:\/\/bibliotecaeducacion.usal.es\/en\/tfg-y-tfm\/gestores-de-referencia\/","title":{"rendered":"Gestores de referencia"},"content":{"rendered":"\n<p>Los gestores bibliogr\u00e1ficos son programas que permiten crear una base de datos de referencias bibliogr\u00e1ficas para utilizaci\u00f3n personal. Estas referencias se pueden utilizar para crear las citas y la bibliograf\u00eda en los trabajos de investigaci\u00f3n.<\/p>\n\n\n\n<p>Los datos se pueden introducir de manera manual o autom\u00e1tica, a partir de b\u00fasquedas en cat\u00e1logos de bibliotecas, bases de datos y revistas electr\u00f3nicas.<\/p>\n\n\n\n<p>Emplee el men\u00fa de la izquierda para acceder a la informaci\u00f3n espec\u00edfica de los diferentes gestores bibliogr\u00e1ficos.<\/p>\n\n\n\n<p>Pueden serle interesantes los materiales ofrecidos en sesiones de formaci\u00f3n organizadas por las Bibliotecas de la Universidad de Salamanca<\/p>\n","protected":false},"excerpt":{"rendered":"<p>Los gestores bibliogr\u00e1ficos son programas que permiten crear una base de datos de referencias bibliogr\u00e1ficas para utilizaci\u00f3n personal. Estas referencias se pueden utilizar para crear las citas y la bibliograf\u00eda en los trabajos de investigaci\u00f3n. Los datos se pueden introducir de manera manual o autom\u00e1tica, a partir de b\u00fasquedas en cat\u00e1logos de bibliotecas, bases de &hellip; <\/p>\n<p class=\"link-more\"><a href=\"https:\/\/bibliotecaeducacion.usal.es\/en\/tfg-y-tfm\/gestores-de-referencia\/\" class=\"more-link\">Continue reading<span class=\"screen-reader-text\"> &#8220;Gestores de referencia&#8221;<\/span><\/a><\/p>\n","protected":false},"author":48,"featured_media":0,"parent":1963,"menu_order":0,"comment_status":"closed","ping_status":"closed","template":"","meta":{"footnotes":""},"class_list":["post-1986","page","type-page","status-publish","hentry"],"aioseo_notices":[],"_links":{"self":[{"href":"https:\/\/bibliotecaeducacion.usal.es\/en\/wp-json\/wp\/v2\/pages\/1986","targetHints":{"allow":["GET"]}}],"collection":[{"href":"https:\/\/bibliotecaeducacion.usal.es\/en\/wp-json\/wp\/v2\/pages"}],"about":[{"href":"https:\/\/bibliotecaeducacion.usal.es\/en\/wp-json\/wp\/v2\/types\/page"}],"author":[{"embeddable":true,"href":"https:\/\/bibliotecaeducacion.usal.es\/en\/wp-json\/wp\/v2\/users\/48"}],"replies":[{"embeddable":true,"href":"https:\/\/bibliotecaeducacion.usal.es\/en\/wp-json\/wp\/v2\/comments?post=1986"}],"version-history":[{"count":6,"href":"https:\/\/bibliotecaeducacion.usal.es\/en\/wp-json\/wp\/v2\/pages\/1986\/revisions"}],"predecessor-version":[{"id":1992,"href":"https:\/\/bibliotecaeducacion.usal.es\/en\/wp-json\/wp\/v2\/pages\/1986\/revisions\/1992"}],"up":[{"embeddable":true,"href":"https:\/\/bibliotecaeducacion.usal.es\/en\/wp-json\/wp\/v2\/pages\/1963"}],"wp:attachment":[{"href":"https:\/\/bibliotecaeducacion.usal.es\/en\/wp-json\/wp\/v2\/media?parent=1986"}],"curies":[{"name":"wp","href":"https:\/\/api.w.org\/{rel}","templated":true}]}}