{"id":1997,"date":"2023-05-18T09:27:55","date_gmt":"2023-05-18T09:27:55","guid":{"rendered":"https:\/\/bibliotecaeducacion.usal.es\/?page_id=1997"},"modified":"2023-05-18T11:27:05","modified_gmt":"2023-05-18T11:27:05","slug":"zotero","status":"publish","type":"page","link":"https:\/\/bibliotecaeducacion.usal.es\/en\/tfg-y-tfm\/gestores-de-referencia\/zotero\/","title":{"rendered":"Zotero"},"content":{"rendered":"\n<p>Zotero es un programa de software libre para la gesti\u00f3n de referencias bibliogr\u00e1ficas.<strong><\/strong><\/p>\n\n\n\n<p><strong>Zotero<\/strong><strong>&nbsp;<\/strong>es una extensi\u00f3n libre para los navegadores<strong>,<\/strong>&nbsp;que permite a los usuarios recolectar, administrar y citar investigaciones de todo tipo. Importa datos directamente desde las p\u00e1ginas web visualizadas en el momento.<\/p>\n\n\n\n<p>Al navegar con Zotero detecta autom\u00e1ticamente cu\u00e1ndo estamos consultando una fuente de informaci\u00f3n: libros, art\u00edculos, revistas, bases de datos, cat\u00e1logos de bibliotecas, e incluso otros recursos como Google Scholar, Amazon, Flickr o Youtube. En este momento, mediante un clic del rat\u00f3n, guarda en un fichero local la informaci\u00f3n completa (la referencia) de aquello que estemos consultando.<\/p>\n\n\n\n<p>Si el origen es un art\u00edculo en l\u00ednea o una p\u00e1gina web, Zotero puede guardar una copia local.<\/p>\n\n\n\n<ul class=\"wp-block-list\">\n<li><a href=\"http:\/\/www.zotero.org\/\">Descargar Zotero<\/a><\/li>\n\n\n\n<li><a href=\"http:\/\/www.universoabierto.com\/wp-content\/uploads\/2010\/04\/ZoteroGuia-rapida1.pdf\">Zotero: gu\u00eda r\u00e1pida (pdf)<\/a><\/li>\n\n\n\n<li><a href=\"http:\/\/www.slideshare.net\/jalonsoarevalo\/zotero-20?from=ss_embed\">Zotero: gu\u00eda avanzada<\/a><\/li>\n\n\n\n<li><a href=\"http:\/\/www.zotero.org\/support\/screencast_tutorials\">Tutoriales Zotero (ingl\u00e9s)<\/a><\/li>\n\n\n\n<li><a href=\"http:\/\/www.slideshare.net\/socialbiblio\/zotero-11144323\">Zotero en 10 pasos (presentaci\u00f3n)<\/a><\/li>\n<\/ul>\n","protected":false},"excerpt":{"rendered":"<p>Zotero es un programa de software libre para la gesti\u00f3n de referencias bibliogr\u00e1ficas. Zotero&nbsp;es una extensi\u00f3n libre para los navegadores,&nbsp;que permite a los usuarios recolectar, administrar y citar investigaciones de todo tipo. Importa datos directamente desde las p\u00e1ginas web visualizadas en el momento. Al navegar con Zotero detecta autom\u00e1ticamente cu\u00e1ndo estamos consultando una fuente de &hellip; <\/p>\n<p class=\"link-more\"><a href=\"https:\/\/bibliotecaeducacion.usal.es\/en\/tfg-y-tfm\/gestores-de-referencia\/zotero\/\" class=\"more-link\">Continue reading<span class=\"screen-reader-text\"> &#8220;Zotero&#8221;<\/span><\/a><\/p>\n","protected":false},"author":48,"featured_media":0,"parent":1986,"menu_order":0,"comment_status":"closed","ping_status":"closed","template":"","meta":{"footnotes":""},"class_list":["post-1997","page","type-page","status-publish","hentry"],"aioseo_notices":[],"_links":{"self":[{"href":"https:\/\/bibliotecaeducacion.usal.es\/en\/wp-json\/wp\/v2\/pages\/1997","targetHints":{"allow":["GET"]}}],"collection":[{"href":"https:\/\/bibliotecaeducacion.usal.es\/en\/wp-json\/wp\/v2\/pages"}],"about":[{"href":"https:\/\/bibliotecaeducacion.usal.es\/en\/wp-json\/wp\/v2\/types\/page"}],"author":[{"embeddable":true,"href":"https:\/\/bibliotecaeducacion.usal.es\/en\/wp-json\/wp\/v2\/users\/48"}],"replies":[{"embeddable":true,"href":"https:\/\/bibliotecaeducacion.usal.es\/en\/wp-json\/wp\/v2\/comments?post=1997"}],"version-history":[{"count":2,"href":"https:\/\/bibliotecaeducacion.usal.es\/en\/wp-json\/wp\/v2\/pages\/1997\/revisions"}],"predecessor-version":[{"id":2011,"href":"https:\/\/bibliotecaeducacion.usal.es\/en\/wp-json\/wp\/v2\/pages\/1997\/revisions\/2011"}],"up":[{"embeddable":true,"href":"https:\/\/bibliotecaeducacion.usal.es\/en\/wp-json\/wp\/v2\/pages\/1986"}],"wp:attachment":[{"href":"https:\/\/bibliotecaeducacion.usal.es\/en\/wp-json\/wp\/v2\/media?parent=1997"}],"curies":[{"name":"wp","href":"https:\/\/api.w.org\/{rel}","templated":true}]}}