{"id":2001,"date":"2023-05-18T09:28:21","date_gmt":"2023-05-18T09:28:21","guid":{"rendered":"https:\/\/bibliotecaeducacion.usal.es\/?page_id=2001"},"modified":"2023-05-18T11:26:02","modified_gmt":"2023-05-18T11:26:02","slug":"mendeley","status":"publish","type":"page","link":"https:\/\/bibliotecaeducacion.usal.es\/en\/tfg-y-tfm\/gestores-de-referencia\/mendeley\/","title":{"rendered":"Mendeley"},"content":{"rendered":"\n<p>Mendeley es un sistema de gesti\u00f3n de referencias bibliogr\u00e1ficas, que permite organizar tanto la informaci\u00f3n bibliogr\u00e1fica, como adjuntar los documentos a texto completo. Funciona como un programa que se descarga y se ejecuta en ordenadores personales o en dispositivos m\u00f3viles, pero tambi\u00e9n como un servicio en l\u00ednea, a trav\u00e9s del cual se puede organizar y compartir la informaci\u00f3n bibliogr\u00e1fica con otros usuarios.<\/p>\n\n\n\n<p>Acceso a <a href=\"https:\/\/www.mendeley.com\/?interaction_required=true\" title=\"\">Mendeley<\/a><\/p>\n\n\n\n<p>Gu\u00eda de :<\/p>\n\n\n\n<ul class=\"wp-block-list\">\n<li><a href=\"https:\/\/bibliotecas.usal.es\/docs\/guias\/Mendeley_USAL.pdf\" title=\"\">Ayuda para el uso de Mendeley<\/a><\/li>\n\n\n\n<li><a href=\"https:\/\/www.mendeley.com\/guides\/mendeley-reference-manager\" target=\"_blank\" rel=\"noreferrer noopener\">Mendeley Reference Manager<\/a><\/li>\n\n\n\n<li><a href=\"https:\/\/www.mendeley.com\/guides\/mendeley-cite\" target=\"_blank\" rel=\"noreferrer noopener\">Mendeley Cite<\/a><\/li>\n\n\n\n<li><a href=\"https:\/\/www.mendeley.com\/guides\/desktop\" target=\"_blank\" rel=\"noreferrer noopener\">Desktop<\/a><\/li>\n\n\n\n<li><a href=\"https:\/\/www.mendeley.com\/guides\/using-citation-editor\" target=\"_blank\" rel=\"noreferrer noopener\">Citation Plugin<\/a><\/li>\n\n\n\n<li><a href=\"https:\/\/www.mendeley.com\/guides\/citation-guides\" target=\"_blank\" rel=\"noreferrer noopener\">Citation Guides<\/a><\/li>\n\n\n\n<li><a href=\"https:\/\/www.mendeley.com\/guides\/web-importer\" target=\"_blank\" rel=\"noreferrer noopener\">Web Importer<\/a><\/li>\n<\/ul>\n\n\n\n<p><a href=\"https:\/\/www.mendeley.com\/download-reference-manager\/windows\" title=\"\">Descargar Mendeley <\/a><\/p>\n","protected":false},"excerpt":{"rendered":"<p>Mendeley es un sistema de gesti\u00f3n de referencias bibliogr\u00e1ficas, que permite organizar tanto la informaci\u00f3n bibliogr\u00e1fica, como adjuntar los documentos a texto completo. Funciona como un programa que se descarga y se ejecuta en ordenadores personales o en dispositivos m\u00f3viles, pero tambi\u00e9n como un servicio en l\u00ednea, a trav\u00e9s del cual se puede organizar y &hellip; <\/p>\n<p class=\"link-more\"><a href=\"https:\/\/bibliotecaeducacion.usal.es\/en\/tfg-y-tfm\/gestores-de-referencia\/mendeley\/\" class=\"more-link\">Continue reading<span class=\"screen-reader-text\"> &#8220;Mendeley&#8221;<\/span><\/a><\/p>\n","protected":false},"author":48,"featured_media":0,"parent":1986,"menu_order":0,"comment_status":"closed","ping_status":"closed","template":"","meta":{"footnotes":""},"class_list":["post-2001","page","type-page","status-publish","hentry"],"aioseo_notices":[],"_links":{"self":[{"href":"https:\/\/bibliotecaeducacion.usal.es\/en\/wp-json\/wp\/v2\/pages\/2001","targetHints":{"allow":["GET"]}}],"collection":[{"href":"https:\/\/bibliotecaeducacion.usal.es\/en\/wp-json\/wp\/v2\/pages"}],"about":[{"href":"https:\/\/bibliotecaeducacion.usal.es\/en\/wp-json\/wp\/v2\/types\/page"}],"author":[{"embeddable":true,"href":"https:\/\/bibliotecaeducacion.usal.es\/en\/wp-json\/wp\/v2\/users\/48"}],"replies":[{"embeddable":true,"href":"https:\/\/bibliotecaeducacion.usal.es\/en\/wp-json\/wp\/v2\/comments?post=2001"}],"version-history":[{"count":2,"href":"https:\/\/bibliotecaeducacion.usal.es\/en\/wp-json\/wp\/v2\/pages\/2001\/revisions"}],"predecessor-version":[{"id":2009,"href":"https:\/\/bibliotecaeducacion.usal.es\/en\/wp-json\/wp\/v2\/pages\/2001\/revisions\/2009"}],"up":[{"embeddable":true,"href":"https:\/\/bibliotecaeducacion.usal.es\/en\/wp-json\/wp\/v2\/pages\/1986"}],"wp:attachment":[{"href":"https:\/\/bibliotecaeducacion.usal.es\/en\/wp-json\/wp\/v2\/media?parent=2001"}],"curies":[{"name":"wp","href":"https:\/\/api.w.org\/{rel}","templated":true}]}}