{"id":544,"date":"2021-06-11T11:38:58","date_gmt":"2021-06-11T11:38:58","guid":{"rendered":"https:\/\/bibliotecaeducacion.usal.es\/?page_id=544"},"modified":"2023-05-02T07:56:24","modified_gmt":"2023-05-02T07:56:24","slug":"prestamo-interbibliotecario","status":"publish","type":"page","link":"https:\/\/bibliotecaeducacion.usal.es\/en\/te-ofrecemos\/servicios\/prestamo-interbibliotecario\/","title":{"rendered":"Pr\u00e9stamo interbibliotecario"},"content":{"rendered":"\n<p>El pr\u00e9stamo interbibliotecario es el servicio que ofrece la Universidad de Salamanca para dar acceso a obras o documentos que no se encuentran en nuestra red de bibliotecas, pero s\u00ed en otras bibliotecas con las que se desarrollan convenios de intercambio.<\/p>\n\n\n\n<p><strong>Miembros de la Universidad de Salamanca<\/strong>:<\/p>\n\n\n\n<ul class=\"wp-block-list\"><li><em>C\u00f3mo se solicita:\u00a0<\/em>a trav\u00e9s de\u00a0<a rel=\"noreferrer noopener\" href=\"https:\/\/usal.gtbib.net\/menu_usuario.php?centro=$USAG\" target=\"_blank\"><strong><mark>formulario electr\u00f3nico<\/mark><\/strong><\/a><\/li><li><em>Qu\u00e9 se puede solicitar<\/em>: Cualquier documento (libro, art\u00edculo de revista) que no se encuentre en el sistema bibliotecario de la USAL, tanto colecciones en papel como electr\u00f3nicas. El personal bibliotecario de la USAL busca ese documento en otras bibliotecas y solicita el env\u00edo de una copia o del original en pr\u00e9stamo.<\/li><li><em>Cu\u00e1nto cuesta<\/em>: La USAL aplica la tarifa Rebiun (Red de Bibliotecas Universitarias espa\u00f1olas). El precio normal de cada art\u00edculo es de 5,00 euros (puede variar en funci\u00f3n del proveedor). El precio de cada libro en pr\u00e9stamo es de 8,00 euros.<\/li><\/ul>\n\n\n\n<p><strong>Bibliotecas externas<\/strong>:<\/p>\n\n\n\n<ul class=\"wp-block-list\"><li><em>C\u00f3mo se solicita:\u00a0<\/em>a trav\u00e9s de\u00a0<strong><a rel=\"noreferrer noopener\" href=\"https:\/\/usal.gtbib.net\/menu_usuario.php?centro=$USAG\" target=\"_blank\"><mark>formulario electr\u00f3nico<\/mark><\/a><\/strong><\/li><li><em>Qu\u00e9 se puede solicitar<\/em>: Cualquier documento (libro, art\u00edculo de revista) que se encuentre en el sistema bibliotecario de la USAL, tanto colecciones en papel como electr\u00f3nicas.<\/li><li><em>Tarifas<\/em>:<ul><li>Bibliotecas universitarias, CSIC y hospitales:\u00a0<a href=\"http:\/\/www.rebiun.org\/prestamoInterbibliotecario\/Paginas\/default.aspx\"><strong><mark>Tarifa Rebiun<\/mark><\/strong><\/a><\/li><li>Bibliotecas extranjeras \/ Foreign libraries \/ Biblioth\u00e8ques \u00e9trang\u00e8res \/ Ausl\u00e4ndische Bibliotheken:<ul><li>Uni\u00f3n Europea:<ul><li>1 art\u00edculo PDF: 1\/2\u00a0voucher IFLA<\/li><li>1 libro prestado: 1 voucher IFLA<\/li><\/ul><\/li><li>No Uni\u00f3n Europea<ul><li>1 art\u00edculo PDF: 1 voucher IFLA<\/li><li>1 libro prestado: 3 vouchers IFLA<\/li><\/ul><\/li><\/ul><\/li><\/ul><\/li><\/ul>\n","protected":false},"excerpt":{"rendered":"<p>El pr\u00e9stamo interbibliotecario es el servicio que ofrece la Universidad de Salamanca para dar acceso a obras o documentos que no se encuentran en nuestra red de bibliotecas, pero s\u00ed en otras bibliotecas con las que se desarrollan convenios de intercambio. Miembros de la Universidad de Salamanca: C\u00f3mo se solicita:\u00a0a trav\u00e9s de\u00a0formulario electr\u00f3nico Qu\u00e9 se &hellip; <\/p>\n<p class=\"link-more\"><a href=\"https:\/\/bibliotecaeducacion.usal.es\/en\/te-ofrecemos\/servicios\/prestamo-interbibliotecario\/\" class=\"more-link\">Continue reading<span class=\"screen-reader-text\"> &#8220;Pr\u00e9stamo interbibliotecario&#8221;<\/span><\/a><\/p>\n","protected":false},"author":48,"featured_media":0,"parent":517,"menu_order":0,"comment_status":"closed","ping_status":"closed","template":"","meta":{"footnotes":""},"class_list":["post-544","page","type-page","status-publish","hentry"],"aioseo_notices":[],"_links":{"self":[{"href":"https:\/\/bibliotecaeducacion.usal.es\/en\/wp-json\/wp\/v2\/pages\/544","targetHints":{"allow":["GET"]}}],"collection":[{"href":"https:\/\/bibliotecaeducacion.usal.es\/en\/wp-json\/wp\/v2\/pages"}],"about":[{"href":"https:\/\/bibliotecaeducacion.usal.es\/en\/wp-json\/wp\/v2\/types\/page"}],"author":[{"embeddable":true,"href":"https:\/\/bibliotecaeducacion.usal.es\/en\/wp-json\/wp\/v2\/users\/48"}],"replies":[{"embeddable":true,"href":"https:\/\/bibliotecaeducacion.usal.es\/en\/wp-json\/wp\/v2\/comments?post=544"}],"version-history":[{"count":6,"href":"https:\/\/bibliotecaeducacion.usal.es\/en\/wp-json\/wp\/v2\/pages\/544\/revisions"}],"predecessor-version":[{"id":1267,"href":"https:\/\/bibliotecaeducacion.usal.es\/en\/wp-json\/wp\/v2\/pages\/544\/revisions\/1267"}],"up":[{"embeddable":true,"href":"https:\/\/bibliotecaeducacion.usal.es\/en\/wp-json\/wp\/v2\/pages\/517"}],"wp:attachment":[{"href":"https:\/\/bibliotecaeducacion.usal.es\/en\/wp-json\/wp\/v2\/media?parent=544"}],"curies":[{"name":"wp","href":"https:\/\/api.w.org\/{rel}","templated":true}]}}