{"id":546,"date":"2021-06-11T11:40:02","date_gmt":"2021-06-11T11:40:02","guid":{"rendered":"https:\/\/bibliotecaeducacion.usal.es\/?page_id=546"},"modified":"2023-05-05T11:07:49","modified_gmt":"2023-05-05T11:07:49","slug":"prestamo-intercampus","status":"publish","type":"page","link":"https:\/\/bibliotecaeducacion.usal.es\/en\/te-ofrecemos\/prestamo-intercampus\/","title":{"rendered":"Pr\u00e9stamo intercampus"},"content":{"rendered":"\n\n\n<p><strong>Pr\u00e9stamo y acceso al documento intercampus<\/strong>:<\/p>\n\n\n\n<p>La comunidad universitaria puede solicitar en pr\u00e9stamo intercampus fondos bibliogr\u00e1ficos que se encuentren en bibliotecas de la Universidad de Salamanca a las que no pertenece el usuario.<\/p>\n\n\n\n<ul class=\"wp-block-list\"><li>Se puede pedir el env\u00edo del libro a la localidad del usuario mediante el bot\u00f3n&nbsp;<strong>PETICI\u00d3N\/Reservar<\/strong>&nbsp;del cat\u00e1logo, cuando el estado del libro este&nbsp;<strong>Disponible<\/strong>.<\/li><\/ul>\n\n\n\n<ul class=\"wp-block-list\"><li>Este servicio es gratuito.<\/li><\/ul>\n\n\n\n<p>Documentaci\u00f3n necesaria:<\/p>\n\n\n\n<ul class=\"wp-block-list\"><li>Carn\u00e9 individual polivalente, o bien:<\/li><\/ul>\n\n\n\n<ul class=\"wp-block-list\"><li>Carn\u00e9 temporal de pr\u00e9stamo del Servicio de Bibliotec<\/li><\/ul>\n","protected":false},"excerpt":{"rendered":"<p>Pr\u00e9stamo y acceso al documento intercampus: La comunidad universitaria puede solicitar en pr\u00e9stamo intercampus fondos bibliogr\u00e1ficos que se encuentren en bibliotecas de la Universidad de Salamanca a las que no pertenece el usuario. Se puede pedir el env\u00edo del libro a la localidad del usuario mediante el bot\u00f3n&nbsp;PETICI\u00d3N\/Reservar&nbsp;del cat\u00e1logo, cuando el estado del libro este&nbsp;Disponible. &hellip; <\/p>\n<p class=\"link-more\"><a href=\"https:\/\/bibliotecaeducacion.usal.es\/en\/te-ofrecemos\/prestamo-intercampus\/\" class=\"more-link\">Continue reading<span class=\"screen-reader-text\"> &#8220;Pr\u00e9stamo intercampus&#8221;<\/span><\/a><\/p>\n","protected":false},"author":48,"featured_media":0,"parent":511,"menu_order":0,"comment_status":"closed","ping_status":"closed","template":"","meta":{"footnotes":""},"class_list":["post-546","page","type-page","status-publish","hentry"],"aioseo_notices":[],"_links":{"self":[{"href":"https:\/\/bibliotecaeducacion.usal.es\/en\/wp-json\/wp\/v2\/pages\/546","targetHints":{"allow":["GET"]}}],"collection":[{"href":"https:\/\/bibliotecaeducacion.usal.es\/en\/wp-json\/wp\/v2\/pages"}],"about":[{"href":"https:\/\/bibliotecaeducacion.usal.es\/en\/wp-json\/wp\/v2\/types\/page"}],"author":[{"embeddable":true,"href":"https:\/\/bibliotecaeducacion.usal.es\/en\/wp-json\/wp\/v2\/users\/48"}],"replies":[{"embeddable":true,"href":"https:\/\/bibliotecaeducacion.usal.es\/en\/wp-json\/wp\/v2\/comments?post=546"}],"version-history":[{"count":5,"href":"https:\/\/bibliotecaeducacion.usal.es\/en\/wp-json\/wp\/v2\/pages\/546\/revisions"}],"predecessor-version":[{"id":1384,"href":"https:\/\/bibliotecaeducacion.usal.es\/en\/wp-json\/wp\/v2\/pages\/546\/revisions\/1384"}],"up":[{"embeddable":true,"href":"https:\/\/bibliotecaeducacion.usal.es\/en\/wp-json\/wp\/v2\/pages\/511"}],"wp:attachment":[{"href":"https:\/\/bibliotecaeducacion.usal.es\/en\/wp-json\/wp\/v2\/media?parent=546"}],"curies":[{"name":"wp","href":"https:\/\/api.w.org\/{rel}","templated":true}]}}