{"id":548,"date":"2021-06-11T11:40:35","date_gmt":"2021-06-11T11:40:35","guid":{"rendered":"https:\/\/bibliotecaeducacion.usal.es\/?page_id=548"},"modified":"2023-05-03T22:01:57","modified_gmt":"2023-05-03T22:01:57","slug":"prestamo-de-portatiles","status":"publish","type":"page","link":"https:\/\/bibliotecaeducacion.usal.es\/en\/te-ofrecemos\/servicios\/prestamo-de-portatiles\/","title":{"rendered":"Pr\u00e9stamo de port\u00e1tiles"},"content":{"rendered":"\n<p>Los ordenadores port\u00e1tiles se prestan exclusivamente con fines docentes, de aprendizaje y de investigaci\u00f3n. Cada ordenador va acompa\u00f1ado de sus accesorios (bolsa de transporte, cable de corriente y cargador de bater\u00eda).<\/p>\n\n\n\n<p><br>Se proh\u00edbe el uso de redes P2P y la grabaci\u00f3n ilegal de programas inform\u00e1ticos o de material protegido. El port\u00e1til dispone de un software de autorrecuperaci\u00f3n que impide al usuario manipular el software instalado.<\/p>\n\n\n\n<p><br>El port\u00e1til elimina cada vez que se apaga todos los archivos y datos (historial de uso, claves personales, etc.) que el usuario haya guardado o introducido, por lo que el usuario deber\u00e1 utilizar un dispositivo USB para el almacenamiento externo de los archivos que quiera conservar. El Servicio de Bibliotecas no proporciona dispositivos USB.<\/p>\n\n\n\n<p><br>El ordenador port\u00e1til debe ser devuelto encendido, con todos sus componentes y accesorios en buen estado. El personal de la biblioteca comprobar\u00e1, en presencia del usuario, que se encuentra en perfectas condiciones.<\/p>\n\n\n\n<p><a href=\"http:\/\/sabus.usal.es\/pdf\/reglamento_port.pdf\"><strong>Normativa de pr\u00e9stamo de ordenadores port\u00e1tiles<\/strong>&nbsp;(pdf)<\/a><\/p>\n\n\n\n<p>El pr\u00e9stamo de ordenadores port\u00e1tiles es un individual y se realiza al titular del carn\u00e9 con el que se retire el ordenador port\u00e1til de la biblioteca, con un m\u00e1ximo de un port\u00e1til por persona.<\/p>\n\n\n\n<ul class=\"wp-block-list\"><li>Pr\u00e9stamo normal: de lunes a viernes, desde la hora de apertura de la Biblioteca, por 5 horas, con posibilidad de renovaci\u00f3n.<\/li><li>Pr\u00e9stamo largo: de lunes a jueves, desde las 15:30h hasta las 9:30h del d\u00eda siguiente.<\/li><li>Pr\u00e9stamo de fin de semana: desde las 15:30h del viernes hasta las 9:30h del lunes de la semana siguiente.<\/li><\/ul>\n\n\n\n<p>Documentaci\u00f3n necesaria:<\/p>\n\n\n\n<ul class=\"wp-block-list\"><li>Carn\u00e9 individual polivalente, o bien:<\/li><li>Carn\u00e9 temporal de pr\u00e9stamo del Servicio de Bibliotecas<\/li><\/ul>\n","protected":false},"excerpt":{"rendered":"<p>Los ordenadores port\u00e1tiles se prestan exclusivamente con fines docentes, de aprendizaje y de investigaci\u00f3n. Cada ordenador va acompa\u00f1ado de sus accesorios (bolsa de transporte, cable de corriente y cargador de bater\u00eda). Se proh\u00edbe el uso de redes P2P y la grabaci\u00f3n ilegal de programas inform\u00e1ticos o de material protegido. El port\u00e1til dispone de un software &hellip; <\/p>\n<p class=\"link-more\"><a href=\"https:\/\/bibliotecaeducacion.usal.es\/en\/te-ofrecemos\/servicios\/prestamo-de-portatiles\/\" class=\"more-link\">Continue reading<span class=\"screen-reader-text\"> &#8220;Pr\u00e9stamo de port\u00e1tiles&#8221;<\/span><\/a><\/p>\n","protected":false},"author":48,"featured_media":0,"parent":517,"menu_order":0,"comment_status":"closed","ping_status":"closed","template":"","meta":{"footnotes":""},"class_list":["post-548","page","type-page","status-publish","hentry"],"aioseo_notices":[],"_links":{"self":[{"href":"https:\/\/bibliotecaeducacion.usal.es\/en\/wp-json\/wp\/v2\/pages\/548","targetHints":{"allow":["GET"]}}],"collection":[{"href":"https:\/\/bibliotecaeducacion.usal.es\/en\/wp-json\/wp\/v2\/pages"}],"about":[{"href":"https:\/\/bibliotecaeducacion.usal.es\/en\/wp-json\/wp\/v2\/types\/page"}],"author":[{"embeddable":true,"href":"https:\/\/bibliotecaeducacion.usal.es\/en\/wp-json\/wp\/v2\/users\/48"}],"replies":[{"embeddable":true,"href":"https:\/\/bibliotecaeducacion.usal.es\/en\/wp-json\/wp\/v2\/comments?post=548"}],"version-history":[{"count":2,"href":"https:\/\/bibliotecaeducacion.usal.es\/en\/wp-json\/wp\/v2\/pages\/548\/revisions"}],"predecessor-version":[{"id":1370,"href":"https:\/\/bibliotecaeducacion.usal.es\/en\/wp-json\/wp\/v2\/pages\/548\/revisions\/1370"}],"up":[{"embeddable":true,"href":"https:\/\/bibliotecaeducacion.usal.es\/en\/wp-json\/wp\/v2\/pages\/517"}],"wp:attachment":[{"href":"https:\/\/bibliotecaeducacion.usal.es\/en\/wp-json\/wp\/v2\/media?parent=548"}],"curies":[{"name":"wp","href":"https:\/\/api.w.org\/{rel}","templated":true}]}}