{"id":586,"date":"2021-06-14T12:36:59","date_gmt":"2021-06-14T12:36:59","guid":{"rendered":"https:\/\/bibliotecaeducacion.usal.es\/?page_id=586"},"modified":"2023-05-17T11:02:34","modified_gmt":"2023-05-17T11:02:34","slug":"https-www-oclc-org-es-worldcat-html","status":"publish","type":"page","link":"https:\/\/bibliotecaeducacion.usal.es\/en\/recursos-de-informacion\/https-www-oclc-org-es-worldcat-html\/","title":{"rendered":"Cat\u00e1logos"},"content":{"rendered":"\n<div class=\"wp-block-media-text alignwide has-media-on-the-right is-stacked-on-mobile\"><div class=\"wp-block-media-text__content\">\n<p class=\"has-large-font-size\">CAT\u00c1LOGO<\/p>\n\n\n\n<p>BRUMARIO es la herramienta de b\u00fasqueda y descubrimiento de recursos bibliogr\u00e1ficos de la Biblioteca de la&nbsp;<em>Universidad de Salamanca<\/em>.<\/p>\n<\/div><figure class=\"wp-block-media-text__media\"><a href=\"https:\/\/brumario.usal.es\/\"><img loading=\"lazy\" decoding=\"async\" width=\"1024\" height=\"242\" src=\"https:\/\/bibliotecaeducacion.usal.es\/wp-content\/uploads\/sites\/37\/2021\/06\/bibliotecas1-1024x242.jpg\" alt=\"\" class=\"wp-image-822 size-full\" srcset=\"https:\/\/bibliotecaeducacion.usal.es\/wp-content\/uploads\/sites\/37\/2021\/06\/bibliotecas1-1024x242.jpg 1024w, https:\/\/bibliotecaeducacion.usal.es\/wp-content\/uploads\/sites\/37\/2021\/06\/bibliotecas1-300x71.jpg 300w, https:\/\/bibliotecaeducacion.usal.es\/wp-content\/uploads\/sites\/37\/2021\/06\/bibliotecas1-768x181.jpg 768w, https:\/\/bibliotecaeducacion.usal.es\/wp-content\/uploads\/sites\/37\/2021\/06\/bibliotecas1.jpg 1060w\" sizes=\"auto, (max-width: 706px) 89vw, (max-width: 767px) 82vw, 740px\" \/><\/a><\/figure><\/div>\n\n\n\n<hr class=\"wp-block-separator has-css-opacity\"\/>\n\n\n\n<div class=\"wp-block-media-text alignwide has-media-on-the-right is-stacked-on-mobile\"><div class=\"wp-block-media-text__content\">\n<p class=\"has-large-font-size\">CIELO<\/p>\n\n\n\n<p>CIELO es un servicio de pr\u00e9stamo bibliotecario de libros electr\u00f3nicos que ofrece la Universidad de Salamanca a sus usuarios.  Desde el portal CIELO se da informaci\u00f3n de los recursos electr\u00f3nicos disponibles y se posibilita su lectura en l\u00ednea y obtener en pr\u00e9stamo, siempre previa identificaci\u00f3n del usuario. El sistema de pr\u00e9stamo de libros electr\u00f3nicos se plantea de forma semejante al que se sigue con los libros impresos en las bibliotecas. <\/p>\n<\/div><figure class=\"wp-block-media-text__media\"><a href=\"https:\/\/cielo.usal.es\/\"><img loading=\"lazy\" decoding=\"async\" width=\"576\" height=\"407\" src=\"https:\/\/bibliotecaeducacion.usal.es\/wp-content\/uploads\/sites\/37\/2021\/06\/CIELO1.jpg\" alt=\"\" class=\"wp-image-823 size-full\" srcset=\"https:\/\/bibliotecaeducacion.usal.es\/wp-content\/uploads\/sites\/37\/2021\/06\/CIELO1.jpg 576w, https:\/\/bibliotecaeducacion.usal.es\/wp-content\/uploads\/sites\/37\/2021\/06\/CIELO1-300x212.jpg 300w\" sizes=\"auto, (max-width: 576px) 100vw, 576px\" \/><\/a><\/figure><\/div>\n\n\n\n<hr class=\"wp-block-separator has-css-opacity\"\/>\n\n\n\n<div class=\"wp-block-media-text alignwide has-media-on-the-right is-stacked-on-mobile\"><div class=\"wp-block-media-text__content\">\n<p class=\"has-large-font-size\">GREDOS<\/p>\n\n\n\n<p>&nbsp;GREDOS ofrece la consulta en l\u00ednea de documentos digitales con contenidos hist\u00f3ricos, cient\u00edficos, did\u00e1cticos e institucionales. La Universidad de Salamanca difunde en acceso abierto a trav\u00e9s de GREDOS colecciones patrimoniales, documentos cient\u00edficos y recursos docentes e informativos.<\/p>\n<\/div><figure class=\"wp-block-media-text__media\"><a href=\"https:\/\/gredos.usal.es\/\"><img loading=\"lazy\" decoding=\"async\" width=\"360\" height=\"150\" src=\"https:\/\/bibliotecaeducacion.usal.es\/wp-content\/uploads\/sites\/37\/2021\/06\/gredos.png\" alt=\"\" class=\"wp-image-826 size-full\" srcset=\"https:\/\/bibliotecaeducacion.usal.es\/wp-content\/uploads\/sites\/37\/2021\/06\/gredos.png 360w, https:\/\/bibliotecaeducacion.usal.es\/wp-content\/uploads\/sites\/37\/2021\/06\/gredos-300x125.png 300w\" sizes=\"auto, (max-width: 360px) 100vw, 360px\" \/><\/a><\/figure><\/div>\n\n\n\n<hr class=\"wp-block-separator has-css-opacity\"\/>\n\n\n\n<div class=\"wp-block-media-text alignwide has-media-on-the-right is-stacked-on-mobile\"><div class=\"wp-block-media-text__content\">\n<p class=\"has-large-font-size\">WORDLCAT<\/p>\n\n\n\n<p>WorldCat es un metabuscador de recursos y cat\u00e1logo colectivo de las universidades p\u00fablicas de Castilla y Le\u00f3n.<\/p>\n<\/div><figure class=\"wp-block-media-text__media\"><a href=\"https:\/\/www.oclc.org\/es\/worldcat.html\" target=\"_blank\" rel=\"noopener\"><img loading=\"lazy\" decoding=\"async\" width=\"560\" height=\"164\" src=\"https:\/\/bibliotecaeducacion.usal.es\/wp-content\/uploads\/sites\/37\/2021\/06\/wcat.png\" alt=\"\" class=\"wp-image-827 size-full\" srcset=\"https:\/\/bibliotecaeducacion.usal.es\/wp-content\/uploads\/sites\/37\/2021\/06\/wcat.png 560w, https:\/\/bibliotecaeducacion.usal.es\/wp-content\/uploads\/sites\/37\/2021\/06\/wcat-300x88.png 300w\" sizes=\"auto, (max-width: 560px) 100vw, 560px\" \/><\/a><\/figure><\/div>\n\n\n\n<hr class=\"wp-block-separator has-css-opacity\"\/>\n\n\n\n<div class=\"wp-block-media-text alignwide has-media-on-the-right is-stacked-on-mobile\"><div class=\"wp-block-media-text__content\">\n<p class=\"has-large-font-size\">DIALNET<\/p>\n\n\n\n<p>Dialnet es un portal de difusi\u00f3n de la producci\u00f3n cient\u00edfica hispana cuyo funcionamiento se inici\u00f3 en 2001 especializado en ciencias humanas y sociales.<\/p>\n<\/div><figure class=\"wp-block-media-text__media\"><a href=\"https:\/\/dialnet.unirioja.es\/\" target=\"_blank\" rel=\"noopener\"><img loading=\"lazy\" decoding=\"async\" width=\"1024\" height=\"512\" src=\"https:\/\/bibliotecaeducacion.usal.es\/wp-content\/uploads\/sites\/37\/2023\/05\/dialnet_mg21-1024x512.png\" alt=\"\" class=\"wp-image-1573 size-full\" srcset=\"https:\/\/bibliotecaeducacion.usal.es\/wp-content\/uploads\/sites\/37\/2023\/05\/dialnet_mg21-1024x512.png 1024w, https:\/\/bibliotecaeducacion.usal.es\/wp-content\/uploads\/sites\/37\/2023\/05\/dialnet_mg21-300x150.png 300w, https:\/\/bibliotecaeducacion.usal.es\/wp-content\/uploads\/sites\/37\/2023\/05\/dialnet_mg21-768x384.png 768w, https:\/\/bibliotecaeducacion.usal.es\/wp-content\/uploads\/sites\/37\/2023\/05\/dialnet_mg21.png 1200w\" sizes=\"auto, (max-width: 706px) 89vw, (max-width: 767px) 82vw, 740px\" \/><\/a><\/figure><\/div>\n\n\n\n<hr class=\"wp-block-separator has-css-opacity\"\/>\n\n\n\n<div class=\"wp-block-media-text alignwide has-media-on-the-right is-stacked-on-mobile\"><div class=\"wp-block-media-text__content\">\n<p class=\"has-large-font-size\">Rebiun<\/p>\n\n\n\n<p>La Red de Bibliotecas Universitarias Espa\u00f1olas es la red asociada a la Sectorial I+D+i de la CRUE desde 2020. Anteriormente, era una comisi\u00f3n sectorial de la Conferencia de Rectores de las Universidades Espa\u00f1olas en materia de cooperaci\u00f3n bibliotecaria.<\/p>\n<\/div><figure class=\"wp-block-media-text__media\"><a href=\"https:\/\/rebiun.baratz.es\/rebiun\/\" target=\"_blank\" rel=\"noopener\"><img loading=\"lazy\" decoding=\"async\" width=\"288\" height=\"175\" src=\"https:\/\/bibliotecaeducacion.usal.es\/wp-content\/uploads\/sites\/37\/2023\/05\/descarga.png\" alt=\"\" class=\"wp-image-1585 size-full\"\/><\/a><\/figure><\/div>\n\n\n\n<hr class=\"wp-block-separator has-css-opacity\"\/>\n\n\n\n<div class=\"wp-block-media-text alignwide has-media-on-the-right is-stacked-on-mobile\"><div class=\"wp-block-media-text__content\">\n<p class=\"has-large-font-size\">Bucle<\/p>\n\n\n\n<p>Cat\u00e1logo colectivo del Consorcio de Bibliotecas Universitarias de Castilla y Le\u00f3n (BUCLE)<\/p>\n<\/div><figure class=\"wp-block-media-text__media\"><a href=\"https:\/\/usal.on.worldcat.org\/discovery\" target=\"_blank\" rel=\"noopener\"><img loading=\"lazy\" decoding=\"async\" width=\"1001\" height=\"265\" src=\"https:\/\/bibliotecaeducacion.usal.es\/wp-content\/uploads\/sites\/37\/2023\/05\/Recolector_BUCLE.jpg\" alt=\"\" class=\"wp-image-1591 size-full\" srcset=\"https:\/\/bibliotecaeducacion.usal.es\/wp-content\/uploads\/sites\/37\/2023\/05\/Recolector_BUCLE.jpg 1001w, https:\/\/bibliotecaeducacion.usal.es\/wp-content\/uploads\/sites\/37\/2023\/05\/Recolector_BUCLE-300x79.jpg 300w, https:\/\/bibliotecaeducacion.usal.es\/wp-content\/uploads\/sites\/37\/2023\/05\/Recolector_BUCLE-768x203.jpg 768w\" sizes=\"auto, (max-width: 706px) 89vw, (max-width: 767px) 82vw, 740px\" \/><\/a><\/figure><\/div>\n\n\n\n<hr class=\"wp-block-separator has-css-opacity\"\/>\n\n\n\n<p><strong><a href=\"https:\/\/bibliotecas.usal.es\/otros-catalogos\" target=\"_blank\" rel=\"noreferrer noopener\">Otros cat\u00e1logos <\/a><\/strong><\/p>\n","protected":false},"excerpt":{"rendered":"<p>CAT\u00c1LOGO BRUMARIO es la herramienta de b\u00fasqueda y descubrimiento de recursos bibliogr\u00e1ficos de la Biblioteca de la&nbsp;Universidad de Salamanca. CIELO CIELO es un servicio de pr\u00e9stamo bibliotecario de libros electr\u00f3nicos que ofrece la Universidad de Salamanca a sus usuarios. Desde el portal CIELO se da informaci\u00f3n de los recursos electr\u00f3nicos disponibles y se posibilita su &hellip; <\/p>\n<p class=\"link-more\"><a href=\"https:\/\/bibliotecaeducacion.usal.es\/en\/recursos-de-informacion\/https-www-oclc-org-es-worldcat-html\/\" class=\"more-link\">Continue reading<span class=\"screen-reader-text\"> &#8220;Cat\u00e1logos&#8221;<\/span><\/a><\/p>\n","protected":false},"author":48,"featured_media":0,"parent":584,"menu_order":0,"comment_status":"closed","ping_status":"closed","template":"","meta":{"footnotes":""},"class_list":["post-586","page","type-page","status-publish","hentry"],"aioseo_notices":[],"_links":{"self":[{"href":"https:\/\/bibliotecaeducacion.usal.es\/en\/wp-json\/wp\/v2\/pages\/586","targetHints":{"allow":["GET"]}}],"collection":[{"href":"https:\/\/bibliotecaeducacion.usal.es\/en\/wp-json\/wp\/v2\/pages"}],"about":[{"href":"https:\/\/bibliotecaeducacion.usal.es\/en\/wp-json\/wp\/v2\/types\/page"}],"author":[{"embeddable":true,"href":"https:\/\/bibliotecaeducacion.usal.es\/en\/wp-json\/wp\/v2\/users\/48"}],"replies":[{"embeddable":true,"href":"https:\/\/bibliotecaeducacion.usal.es\/en\/wp-json\/wp\/v2\/comments?post=586"}],"version-history":[{"count":55,"href":"https:\/\/bibliotecaeducacion.usal.es\/en\/wp-json\/wp\/v2\/pages\/586\/revisions"}],"predecessor-version":[{"id":1929,"href":"https:\/\/bibliotecaeducacion.usal.es\/en\/wp-json\/wp\/v2\/pages\/586\/revisions\/1929"}],"up":[{"embeddable":true,"href":"https:\/\/bibliotecaeducacion.usal.es\/en\/wp-json\/wp\/v2\/pages\/584"}],"wp:attachment":[{"href":"https:\/\/bibliotecaeducacion.usal.es\/en\/wp-json\/wp\/v2\/media?parent=586"}],"curies":[{"name":"wp","href":"https:\/\/api.w.org\/{rel}","templated":true}]}}