{"id":588,"date":"2021-06-14T12:38:05","date_gmt":"2021-06-14T12:38:05","guid":{"rendered":"https:\/\/bibliotecaeducacion.usal.es\/?page_id=588"},"modified":"2023-05-15T10:44:29","modified_gmt":"2023-05-15T10:44:29","slug":"bases-de-datos-y-repositorios","status":"publish","type":"page","link":"https:\/\/bibliotecaeducacion.usal.es\/en\/recursos-de-informacion\/bases-de-datos-y-repositorios\/","title":{"rendered":"Bases de datos"},"content":{"rendered":"\n<p class=\"has-text-align-center\" style=\"font-size:30px\">BASES DE DATOS DE LA USAL  <img loading=\"lazy\" decoding=\"async\" width=\"512\" height=\"512\" class=\"wp-image-921\" style=\"width: 30px\" src=\"https:\/\/bibliotecaeducacion.usal.es\/wp-content\/uploads\/sites\/37\/2021\/06\/BASES.png\" alt=\"\" srcset=\"https:\/\/bibliotecaeducacion.usal.es\/wp-content\/uploads\/sites\/37\/2021\/06\/BASES.png 512w, https:\/\/bibliotecaeducacion.usal.es\/wp-content\/uploads\/sites\/37\/2021\/06\/BASES-300x300.png 300w, https:\/\/bibliotecaeducacion.usal.es\/wp-content\/uploads\/sites\/37\/2021\/06\/BASES-150x150.png 150w, https:\/\/bibliotecaeducacion.usal.es\/wp-content\/uploads\/sites\/37\/2021\/06\/BASES-100x100.png 100w\" sizes=\"auto, (max-width: 512px) 100vw, 512px\" \/><\/p>\n\n\n\n<p class=\"has-text-align-center\" style=\"font-size:18px\"><a href=\"https:\/\/bibliotecas.usal.es\/basesdatosform#a\">A<\/a> &#8211; <a href=\"https:\/\/bibliotecas.usal.es\/basesdatosform#b\">B<\/a> &#8211; <a href=\"https:\/\/bibliotecas.usal.es\/basesdatosform#c\">C<\/a> &#8211; <a href=\"https:\/\/bibliotecas.usal.es\/basesdatosform#d\">D<\/a> &#8211; <a href=\"https:\/\/bibliotecas.usal.es\/basesdatosform#e\">E<\/a> &#8211; <a href=\"https:\/\/bibliotecas.usal.es\/basesdatosform#f\">F<\/a> &#8211; <a href=\"https:\/\/bibliotecas.usal.es\/basesdatosform#g\">G<\/a> &#8211; <a href=\"https:\/\/bibliotecas.usal.es\/basesdatosform#h\">H<\/a> &#8211; <a href=\"https:\/\/bibliotecas.usal.es\/basesdatosform#i\">I<\/a> &#8211; <a href=\"https:\/\/bibliotecas.usal.es\/basesdatosform#j\">J<\/a> &#8211; <a href=\"https:\/\/bibliotecas.usal.es\/basesdatosform#k\">K<\/a> &#8211; <a href=\"https:\/\/bibliotecas.usal.es\/basesdatosform#l\">L<\/a> &#8211; <a href=\"https:\/\/bibliotecas.usal.es\/basesdatosform#m\">M<\/a> &#8211; <a href=\"https:\/\/bibliotecas.usal.es\/basesdatosform#n\">N<\/a> &#8211; <a href=\"https:\/\/bibliotecas.usal.es\/basesdatosform#o\">O<\/a> &#8211; <a href=\"https:\/\/bibliotecas.usal.es\/basesdatosform#p\">P<\/a> &#8211; <a href=\"https:\/\/bibliotecas.usal.es\/basesdatosform#q\">Q<\/a> &#8211; <a href=\"https:\/\/bibliotecas.usal.es\/basesdatosform#r\">R<\/a> &#8211; <a href=\"https:\/\/bibliotecas.usal.es\/basesdatosform#s\">S<\/a> &#8211; <a href=\"https:\/\/bibliotecas.usal.es\/basesdatosform#t\">T<\/a> &#8211; <a href=\"https:\/\/bibliotecas.usal.es\/basesdatosform#u\">U<\/a> &#8211; <a href=\"https:\/\/bibliotecas.usal.es\/basesdatosform#v\">V<\/a> &#8211; <a href=\"https:\/\/bibliotecas.usal.es\/basesdatosform#w\">W<\/a> &#8211; <a href=\"https:\/\/bibliotecas.usal.es\/basesdatosform#x\">X<\/a> &#8211; <a href=\"https:\/\/bibliotecas.usal.es\/basesdatosform#y\">Y<\/a> &#8211;<a href=\"https:\/\/bibliotecas.usal.es\/basesdatosform#z\">Z<\/a><\/p>\n\n\n\n<p>A trav\u00e9s de este buscador alfab\u00e9tico , se le redigira  al buscador de bases de datos de la USAL junto con la selecci\u00f3n de la letra que haya elegido.<\/p>\n\n\n\n<p>Adem\u00e1s le ofrecemos algunas bases de datos que pueden ser de su inter\u00e9s solo tiene que se seleccionar la imagen y le redigira al sitio web de la base de dato. <\/p>\n\n\n\n<div style=\"height:100px\" aria-hidden=\"true\" class=\"wp-block-spacer\"><\/div>\n\n\n\n<p><mark>BASES DE DATOS MULTIDISCIPLINARES<\/mark><\/p>\n\n\n\n<div class=\"wp-block-columns is-layout-flex wp-container-core-columns-is-layout-9d6595d7 wp-block-columns-is-layout-flex\">\n<div class=\"wp-block-column is-layout-flow wp-block-column-is-layout-flow\">\n<figure class=\"wp-block-image size-large\"><a href=\"https:\/\/apps.webofknowledge.com\/UA_GeneralSearch_input.do?product=UA&amp;search_mode=GeneralSearch&amp;SID=C2GYDoFAXuseV36QzPP&amp;preferencesSaved=\"><img loading=\"lazy\" decoding=\"async\" width=\"622\" height=\"234\" src=\"https:\/\/bibliotecaeducacion.usal.es\/wp-content\/uploads\/sites\/37\/2021\/06\/WOS-1.png\" alt=\"\" class=\"wp-image-953\" srcset=\"https:\/\/bibliotecaeducacion.usal.es\/wp-content\/uploads\/sites\/37\/2021\/06\/WOS-1.png 622w, https:\/\/bibliotecaeducacion.usal.es\/wp-content\/uploads\/sites\/37\/2021\/06\/WOS-1-300x113.png 300w\" sizes=\"auto, (max-width: 622px) 100vw, 622px\" \/><\/a><\/figure>\n<\/div>\n\n\n\n<div class=\"wp-block-column is-layout-flow wp-block-column-is-layout-flow\">\n<figure class=\"wp-block-image size-large\"><a href=\"https:\/\/www.scopus.com\/search\/form.uri?display=basic#basic\"><img loading=\"lazy\" decoding=\"async\" width=\"642\" height=\"240\" src=\"https:\/\/bibliotecaeducacion.usal.es\/wp-content\/uploads\/sites\/37\/2021\/06\/SCOPUS.png\" alt=\"\" class=\"wp-image-946\" srcset=\"https:\/\/bibliotecaeducacion.usal.es\/wp-content\/uploads\/sites\/37\/2021\/06\/SCOPUS.png 642w, https:\/\/bibliotecaeducacion.usal.es\/wp-content\/uploads\/sites\/37\/2021\/06\/SCOPUS-300x112.png 300w\" sizes=\"auto, (max-width: 642px) 100vw, 642px\" \/><\/a><\/figure>\n<\/div>\n<\/div>\n\n\n\n<div style=\"height:101px\" aria-hidden=\"true\" class=\"wp-block-spacer\"><\/div>\n\n\n\n<div class=\"wp-block-media-text alignwide is-stacked-on-mobile\" style=\"grid-template-columns:23% auto\"><figure class=\"wp-block-media-text__media\"><a href=\"https:\/\/www.jstor.org\/\"><img loading=\"lazy\" decoding=\"async\" width=\"220\" height=\"300\" src=\"https:\/\/bibliotecaeducacion.usal.es\/wp-content\/uploads\/sites\/37\/2023\/05\/JSTOR_vector_logo.svg_-1-220x300.png\" alt=\"\" class=\"wp-image-1635 size-medium\" srcset=\"https:\/\/bibliotecaeducacion.usal.es\/wp-content\/uploads\/sites\/37\/2023\/05\/JSTOR_vector_logo.svg_-1-220x300.png 220w, https:\/\/bibliotecaeducacion.usal.es\/wp-content\/uploads\/sites\/37\/2023\/05\/JSTOR_vector_logo.svg_-1-752x1024.png 752w, https:\/\/bibliotecaeducacion.usal.es\/wp-content\/uploads\/sites\/37\/2023\/05\/JSTOR_vector_logo.svg_-1-768x1046.png 768w, https:\/\/bibliotecaeducacion.usal.es\/wp-content\/uploads\/sites\/37\/2023\/05\/JSTOR_vector_logo.svg_-1-1128x1536.png 1128w, https:\/\/bibliotecaeducacion.usal.es\/wp-content\/uploads\/sites\/37\/2023\/05\/JSTOR_vector_logo.svg_-1.png 1200w\" sizes=\"auto, (max-width: 220px) 100vw, 220px\" \/><\/a><\/figure><div class=\"wp-block-media-text__content\">\n<p class=\"has-large-font-size\"><\/p>\n<\/div><\/div>\n\n\n\n<p><mark>BASES DE DATOS ESPECIALIZADAS<\/mark><\/p>\n\n\n\n<div class=\"wp-block-columns is-layout-flex wp-container-core-columns-is-layout-9d6595d7 wp-block-columns-is-layout-flex\">\n<div class=\"wp-block-column is-layout-flow wp-block-column-is-layout-flow\" style=\"flex-basis:100%\">\n<div class=\"wp-block-media-text alignwide is-stacked-on-mobile\" style=\"grid-template-columns:41% auto\"><figure class=\"wp-block-media-text__media\"><a href=\"https:\/\/www.proquest.com\/central\/advanced\/fromDatabasesLayer\"><img loading=\"lazy\" decoding=\"async\" width=\"436\" height=\"165\" src=\"https:\/\/bibliotecaeducacion.usal.es\/wp-content\/uploads\/sites\/37\/2023\/05\/ProQuest_logo-1.png\" alt=\"\" class=\"wp-image-1618 size-full\" srcset=\"https:\/\/bibliotecaeducacion.usal.es\/wp-content\/uploads\/sites\/37\/2023\/05\/ProQuest_logo-1.png 436w, https:\/\/bibliotecaeducacion.usal.es\/wp-content\/uploads\/sites\/37\/2023\/05\/ProQuest_logo-1-300x114.png 300w\" sizes=\"auto, (max-width: 436px) 100vw, 436px\" \/><\/a><\/figure><div class=\"wp-block-media-text__content\">\n<figure class=\"wp-block-image size-full is-resized\"><a href=\"https:\/\/web.p.ebscohost.com\/ehost\/search\/advanced?vid=0&amp;sid=e5dd440a-d2bc-4c90-854f-67ef8d16cf2a%40redis\"><img loading=\"lazy\" decoding=\"async\" src=\"https:\/\/bibliotecaeducacion.usal.es\/wp-content\/uploads\/sites\/37\/2023\/05\/ERIC_logo_US_ED.png\" alt=\"\" class=\"wp-image-1619\" width=\"200\" height=\"143\" srcset=\"https:\/\/bibliotecaeducacion.usal.es\/wp-content\/uploads\/sites\/37\/2023\/05\/ERIC_logo_US_ED.png 1020w, https:\/\/bibliotecaeducacion.usal.es\/wp-content\/uploads\/sites\/37\/2023\/05\/ERIC_logo_US_ED-300x216.png 300w, https:\/\/bibliotecaeducacion.usal.es\/wp-content\/uploads\/sites\/37\/2023\/05\/ERIC_logo_US_ED-768x553.png 768w\" sizes=\"auto, (max-width: 200px) 100vw, 200px\" \/><\/a><\/figure>\n<\/div><\/div>\n<\/div>\n<\/div>\n\n\n\n<p><mark>BASES DE DATOS DE REVISTAS ELECTRONICA<\/mark><\/p>\n\n\n\n<div class=\"wp-block-media-text alignwide is-stacked-on-mobile\"><figure class=\"wp-block-media-text__media\"><a href=\"https:\/\/www.sciencedirect.com\/browse\/journals-and-books?contentType=JL\"><img loading=\"lazy\" decoding=\"async\" width=\"900\" height=\"500\" src=\"https:\/\/bibliotecaeducacion.usal.es\/wp-content\/uploads\/sites\/37\/2023\/05\/sciencedirect-logo-vector.png\" alt=\"\" class=\"wp-image-1639 size-full\" srcset=\"https:\/\/bibliotecaeducacion.usal.es\/wp-content\/uploads\/sites\/37\/2023\/05\/sciencedirect-logo-vector.png 900w, https:\/\/bibliotecaeducacion.usal.es\/wp-content\/uploads\/sites\/37\/2023\/05\/sciencedirect-logo-vector-300x167.png 300w, https:\/\/bibliotecaeducacion.usal.es\/wp-content\/uploads\/sites\/37\/2023\/05\/sciencedirect-logo-vector-768x427.png 768w\" sizes=\"auto, (max-width: 706px) 89vw, (max-width: 767px) 82vw, 740px\" \/><\/a><\/figure><div class=\"wp-block-media-text__content\">\n<figure class=\"wp-block-image size-large\"><a href=\"https:\/\/link.springer.com\/search?facet-content-type=%22Journal%22&amp;showAll=false\"><img loading=\"lazy\" decoding=\"async\" width=\"1024\" height=\"283\" src=\"https:\/\/bibliotecaeducacion.usal.es\/wp-content\/uploads\/sites\/37\/2023\/05\/springerbooks-1024x283.png\" alt=\"\" class=\"wp-image-1640\" srcset=\"https:\/\/bibliotecaeducacion.usal.es\/wp-content\/uploads\/sites\/37\/2023\/05\/springerbooks-1024x283.png 1024w, https:\/\/bibliotecaeducacion.usal.es\/wp-content\/uploads\/sites\/37\/2023\/05\/springerbooks-300x83.png 300w, https:\/\/bibliotecaeducacion.usal.es\/wp-content\/uploads\/sites\/37\/2023\/05\/springerbooks-768x212.png 768w, https:\/\/bibliotecaeducacion.usal.es\/wp-content\/uploads\/sites\/37\/2023\/05\/springerbooks.png 1200w\" sizes=\"auto, (max-width: 706px) 89vw, (max-width: 767px) 82vw, 740px\" \/><\/a><\/figure>\n<\/div><\/div>\n\n\n\n<div class=\"wp-block-media-text alignwide is-stacked-on-mobile\"><figure class=\"wp-block-media-text__media\"><a href=\"https:\/\/www.emerald.com\/insight\/\"><img loading=\"lazy\" decoding=\"async\" width=\"500\" height=\"120\" src=\"https:\/\/bibliotecaeducacion.usal.es\/wp-content\/uploads\/sites\/37\/2023\/05\/Emerald_logo.png\" alt=\"\" class=\"wp-image-1650 size-full\" srcset=\"https:\/\/bibliotecaeducacion.usal.es\/wp-content\/uploads\/sites\/37\/2023\/05\/Emerald_logo.png 500w, https:\/\/bibliotecaeducacion.usal.es\/wp-content\/uploads\/sites\/37\/2023\/05\/Emerald_logo-300x72.png 300w\" sizes=\"auto, (max-width: 500px) 100vw, 500px\" \/><\/a><\/figure><div class=\"wp-block-media-text__content\">\n<figure class=\"wp-block-image size-full\"><a href=\"https:\/\/onlinelibrary.wiley.com\/action\/showPublications?PubType=book\"><img loading=\"lazy\" decoding=\"async\" width=\"410\" height=\"123\" src=\"https:\/\/bibliotecaeducacion.usal.es\/wp-content\/uploads\/sites\/37\/2023\/05\/descarga.jpg\" alt=\"\" class=\"wp-image-1642\" srcset=\"https:\/\/bibliotecaeducacion.usal.es\/wp-content\/uploads\/sites\/37\/2023\/05\/descarga.jpg 410w, https:\/\/bibliotecaeducacion.usal.es\/wp-content\/uploads\/sites\/37\/2023\/05\/descarga-300x90.jpg 300w\" sizes=\"auto, (max-width: 410px) 100vw, 410px\" \/><\/a><\/figure>\n<\/div><\/div>\n","protected":false},"excerpt":{"rendered":"<p>BASES DE DATOS DE LA USAL A &#8211; B &#8211; C &#8211; D &#8211; E &#8211; F &#8211; G &#8211; H &#8211; I &#8211; J &#8211; K &#8211; L &#8211; M &#8211; N &#8211; O &#8211; P &#8211; Q &#8211; R &#8211; S &#8211; T &#8211; U &#8211; V &#8211; W &#8211; X &#8211; Y &hellip; <\/p>\n<p class=\"link-more\"><a href=\"https:\/\/bibliotecaeducacion.usal.es\/en\/recursos-de-informacion\/bases-de-datos-y-repositorios\/\" class=\"more-link\">Continue reading<span class=\"screen-reader-text\"> &#8220;Bases de datos&#8221;<\/span><\/a><\/p>\n","protected":false},"author":48,"featured_media":0,"parent":584,"menu_order":0,"comment_status":"closed","ping_status":"closed","template":"","meta":{"footnotes":""},"class_list":["post-588","page","type-page","status-publish","hentry"],"aioseo_notices":[],"_links":{"self":[{"href":"https:\/\/bibliotecaeducacion.usal.es\/en\/wp-json\/wp\/v2\/pages\/588","targetHints":{"allow":["GET"]}}],"collection":[{"href":"https:\/\/bibliotecaeducacion.usal.es\/en\/wp-json\/wp\/v2\/pages"}],"about":[{"href":"https:\/\/bibliotecaeducacion.usal.es\/en\/wp-json\/wp\/v2\/types\/page"}],"author":[{"embeddable":true,"href":"https:\/\/bibliotecaeducacion.usal.es\/en\/wp-json\/wp\/v2\/users\/48"}],"replies":[{"embeddable":true,"href":"https:\/\/bibliotecaeducacion.usal.es\/en\/wp-json\/wp\/v2\/comments?post=588"}],"version-history":[{"count":33,"href":"https:\/\/bibliotecaeducacion.usal.es\/en\/wp-json\/wp\/v2\/pages\/588\/revisions"}],"predecessor-version":[{"id":1666,"href":"https:\/\/bibliotecaeducacion.usal.es\/en\/wp-json\/wp\/v2\/pages\/588\/revisions\/1666"}],"up":[{"embeddable":true,"href":"https:\/\/bibliotecaeducacion.usal.es\/en\/wp-json\/wp\/v2\/pages\/584"}],"wp:attachment":[{"href":"https:\/\/bibliotecaeducacion.usal.es\/en\/wp-json\/wp\/v2\/media?parent=588"}],"curies":[{"name":"wp","href":"https:\/\/api.w.org\/{rel}","templated":true}]}}